{"id":4645,"date":"2023-07-28T13:59:47","date_gmt":"2023-07-28T11:59:47","guid":{"rendered":"https:\/\/versicherungen-fairline.ch\/?page_id=4645"},"modified":"2023-07-28T14:42:09","modified_gmt":"2023-07-28T12:42:09","slug":"declaration-de-sinistre-responsabilite-civile-et-protection-juridique-kibesuisse","status":"publish","type":"page","link":"https:\/\/versicherungen-fairline.ch\/fr\/declaration-de-sinistre-responsabilite-civile-et-protection-juridique-kibesuisse\/","title":{"rendered":"D\u00e9claration de sinistre responsabilit\u00e9 civile et protection juridique \u00ab\u00a0kibesuisse\u00a0\u00bb"},"content":{"rendered":"<p>&nbsp;<\/p>\r\n<p><strong>Assurance responsabilit\u00e9 civile<br \/>\r\n<\/strong><\/p>\r\n<ul>\r\n\t<li>Un collaborateur a caus\u00e9 un dommage corporel ou mat\u00e9riel \u00e0 un enfant dont il s&rsquo;occupe.<\/li>\r\n\t<li>Une personne a caus\u00e9 un dommage corporel ou mat\u00e9riel \u00e0 un tiers.<\/li>\r\n\t<li>Un enfant pris en charge a caus\u00e9 un dommage corporel ou mat\u00e9riel \u00e0 une tierce personne.<\/li>\r\n<\/ul>\r\n<p>Vous pouvez faire la d\u00e9claration de sinistre RC <strong><a href=\"https:\/\/www.helvetia.com\/ch\/b2ctools\/isaB2C\/detailAuswahl.xhtml?cid=1\" target=\"_blank\" rel=\"noopener\">directement en ligne<\/a><\/strong>. Le num\u00e9ro de police pour la d\u00e9claration est le 4.001.210.933.<\/p>\r\n<hr \/>\r\n<p><strong>Assurance protection juridique<\/strong><\/p>\r\n<ul>\r\n\t<li>Vous avez besoin d&rsquo;un renseignement juridique par t\u00e9l\u00e9phone.<\/li>\r\n\t<li>Vous avez un litige pour lequel vous avez besoin du soutien de l&rsquo;assurance de protection juridique.<\/li>\r\n<\/ul>\r\n<p>Envoyez un e-mail \u00e0 <span style=\"text-decoration: underline;\">fair@fairsicherung.ch<\/span>, avec <a href=\"https:\/\/versicherungen-fairline.ch\/wp-content\/uploads\/Rechtsfall-anmelden_f.pdf\"><strong>le formulaire de sinistre<\/strong><\/a> rempli et les documents compl\u00e9mentaires. Orion vous contactera ensuite directement.<\/p>\r\n<hr \/>\r\n<p><strong>Pool pour le paiement volontaire de dommages mat\u00e9riels<br \/>\r\n<\/strong><\/p>\r\n<ul>\r\n\t<li>Un enfant accueilli vous a caus\u00e9 des dommages mat\u00e9riels.<\/li>\r\n<\/ul>\r\n<p><span style=\"text-decoration: underline;\">Pour les associations d&rsquo;accueil familial de jour<\/span><\/p>\r\n<p>Envoyez un mail \u00e0 fair@fairsicherung.ch, avec\u00a0<strong><a href=\"https:\/\/versicherungen-fairline.ch\/wp-content\/uploads\/Schadenmeldung_Pool_kibe_tev_f_07.2023.pdf\">le formulaire de sinistre<\/a><\/strong> rempli et les documents compl\u00e9mentaires.<\/p>\r\n<p><span style=\"text-decoration: underline;\">Pour les cr\u00e8ches et les institutions d&rsquo;accueil similaires<\/span><\/p>\r\n<p>Envoyez un mail \u00e0 fair@fairsicherung.ch, avec <a href=\"https:\/\/versicherungen-fairline.ch\/wp-content\/uploads\/Schadenmeldung_Pool_kibe_kita_f_07.2023.pdf\"><strong>le formulaire de sinistre<\/strong><\/a> rempli et les documents compl\u00e9mentaires.<\/p>\r\n<p><strong>\u00a0<\/strong><\/p>","protected":false},"excerpt":{"rendered":"<p>&nbsp; Assurance responsabilit\u00e9 civile Un collaborateur a caus\u00e9 un dommage corporel ou mat\u00e9riel \u00e0 un enfant dont il s&rsquo;occupe. Une personne a caus\u00e9 un dommage corporel ou mat\u00e9riel \u00e0 un tiers. Un enfant pris en charge a caus\u00e9 un dommage corporel ou mat\u00e9riel \u00e0 une tierce personne. Vous pouvez faire la d\u00e9claration de sinistre RC<\/p>\n","protected":false},"author":6,"featured_media":0,"parent":0,"menu_order":0,"comment_status":"closed","ping_status":"closed","template":"","meta":{"_acf_changed":false,"_relevanssi_hide_post":"","_relevanssi_hide_content":"","_relevanssi_pin_for_all":"","_relevanssi_pin_keywords":"","_relevanssi_unpin_keywords":"","_relevanssi_related_keywords":"","_relevanssi_related_include_ids":"","_relevanssi_related_exclude_ids":"","_relevanssi_related_no_append":"","_relevanssi_related_not_related":"","_relevanssi_related_posts":"","_relevanssi_noindex_reason":"","_exactmetrics_skip_tracking":false,"_exactmetrics_sitenote_active":false,"_exactmetrics_sitenote_note":"","_exactmetrics_sitenote_category":0,"footnotes":""},"class_list":["post-4645","page","type-page","status-publish","hentry"],"acf":[],"_links":{"self":[{"href":"https:\/\/versicherungen-fairline.ch\/fr\/wp-json\/wp\/v2\/pages\/4645","targetHints":{"allow":["GET"]}}],"collection":[{"href":"https:\/\/versicherungen-fairline.ch\/fr\/wp-json\/wp\/v2\/pages"}],"about":[{"href":"https:\/\/versicherungen-fairline.ch\/fr\/wp-json\/wp\/v2\/types\/page"}],"author":[{"embeddable":true,"href":"https:\/\/versicherungen-fairline.ch\/fr\/wp-json\/wp\/v2\/users\/6"}],"replies":[{"embeddable":true,"href":"https:\/\/versicherungen-fairline.ch\/fr\/wp-json\/wp\/v2\/comments?post=4645"}],"version-history":[{"count":2,"href":"https:\/\/versicherungen-fairline.ch\/fr\/wp-json\/wp\/v2\/pages\/4645\/revisions"}],"predecessor-version":[{"id":4656,"href":"https:\/\/versicherungen-fairline.ch\/fr\/wp-json\/wp\/v2\/pages\/4645\/revisions\/4656"}],"wp:attachment":[{"href":"https:\/\/versicherungen-fairline.ch\/fr\/wp-json\/wp\/v2\/media?parent=4645"}],"curies":[{"name":"wp","href":"https:\/\/api.w.org\/{rel}","templated":true}]}}