{"id":3353,"date":"2019-07-11T15:48:12","date_gmt":"2019-07-11T13:48:12","guid":{"rendered":"https:\/\/versicherungen-fairline.ch\/?page_id=3353"},"modified":"2025-02-11T13:23:48","modified_gmt":"2025-02-11T12:23:48","slug":"demande-dassurance-construction","status":"publish","type":"page","link":"https:\/\/versicherungen-fairline.ch\/fr\/demande-dassurance-construction\/","title":{"rendered":"Demande d&rsquo;assurance construction"},"content":{"rendered":"<p><strong>1. Calculer la prime<\/strong><\/p>\r\n<p>En cliquant sur le lien ci-dessous, vous serez redirig\u00e9 vers le calculateur en ligne de la B\u00e2loise Assurance. Veuillez noter que les primes indiqu\u00e9es ne tiennent pas encore compte du rabais \u00ab fairline \u00bb de 10%.<\/p>\r\n<p><strong>2. Faire une demande d&rsquo;assurance<\/strong><\/p>\r\n<p>Pour que la police soit \u00e9tablie avec le rabais, vous devez veiller, apr\u00e8s avoir choisi la couverture d&rsquo;assurance souhait\u00e9e (Eco, Smart ou Top), \u00e0 indiquer l&rsquo;adresse fair@fairsicherung.ch dans le \u00ab Courriel de l&rsquo;interm\u00e9diaire \u00bb et \u00e0 mentionner fairsicherungsberatung ag dans la derni\u00e8re position \u00ab Donn\u00e9es de l&rsquo;interm\u00e9diaire \u00bb.<\/p>\r\n<p><strong>3. Soumettre un mandat partiel<\/strong><\/p>\r\n<p>Si vous n&rsquo;\u00eates pas d\u00e9j\u00e0 client de fairsicherungsberatung ag, nous avons besoin que vous nous retourniez le mandat partiel sign\u00e9, d\u00fbment rempli et sign\u00e9 \u00e0 fair@fairsicherung.ch.<\/p>\r\n<ul style=\"list-style-type: square;\">\r\n\t<li><a href=\"https:\/\/www.baloise.ch\/app\/construction-insurance\/page\/internal\/start\/1?lang=fr\"><strong>Lien vers le calculateur en ligne<\/strong><\/a><\/li>\r\n\t<li><a href=\"https:\/\/versicherungen-fairline.ch\/wp-content\/uploads\/Mandat-partiel_bauversicherung.pdf\"><strong>Mandat partiel \u00e0 t\u00e9l\u00e9charger<\/strong><\/a><\/li>\r\n<\/ul>","protected":false},"excerpt":{"rendered":"<p>1. Calculer la prime En cliquant sur le lien ci-dessous, vous serez redirig\u00e9 vers le calculateur en ligne de la B\u00e2loise Assurance. Veuillez noter que les primes indiqu\u00e9es ne tiennent pas encore compte du rabais \u00ab fairline \u00bb de 10%. 2. Faire une demande d&rsquo;assurance Pour que la police soit \u00e9tablie avec le rabais, vous<\/p>\n","protected":false},"author":6,"featured_media":0,"parent":0,"menu_order":1,"comment_status":"closed","ping_status":"closed","template":"","meta":{"_acf_changed":false,"_relevanssi_hide_post":"","_relevanssi_hide_content":"","_relevanssi_pin_for_all":"","_relevanssi_pin_keywords":"","_relevanssi_unpin_keywords":"","_relevanssi_related_keywords":"","_relevanssi_related_include_ids":"","_relevanssi_related_exclude_ids":"","_relevanssi_related_no_append":"","_relevanssi_related_not_related":"","_relevanssi_related_posts":"","_relevanssi_noindex_reason":"","_exactmetrics_skip_tracking":false,"_exactmetrics_sitenote_active":false,"_exactmetrics_sitenote_note":"","_exactmetrics_sitenote_category":0,"footnotes":""},"class_list":["post-3353","page","type-page","status-publish","hentry"],"acf":[],"_links":{"self":[{"href":"https:\/\/versicherungen-fairline.ch\/fr\/wp-json\/wp\/v2\/pages\/3353","targetHints":{"allow":["GET"]}}],"collection":[{"href":"https:\/\/versicherungen-fairline.ch\/fr\/wp-json\/wp\/v2\/pages"}],"about":[{"href":"https:\/\/versicherungen-fairline.ch\/fr\/wp-json\/wp\/v2\/types\/page"}],"author":[{"embeddable":true,"href":"https:\/\/versicherungen-fairline.ch\/fr\/wp-json\/wp\/v2\/users\/6"}],"replies":[{"embeddable":true,"href":"https:\/\/versicherungen-fairline.ch\/fr\/wp-json\/wp\/v2\/comments?post=3353"}],"version-history":[{"count":3,"href":"https:\/\/versicherungen-fairline.ch\/fr\/wp-json\/wp\/v2\/pages\/3353\/revisions"}],"predecessor-version":[{"id":4962,"href":"https:\/\/versicherungen-fairline.ch\/fr\/wp-json\/wp\/v2\/pages\/3353\/revisions\/4962"}],"wp:attachment":[{"href":"https:\/\/versicherungen-fairline.ch\/fr\/wp-json\/wp\/v2\/media?parent=3353"}],"curies":[{"name":"wp","href":"https:\/\/api.w.org\/{rel}","templated":true}]}}