{"id":3337,"date":"2019-07-08T17:49:01","date_gmt":"2019-07-08T15:49:01","guid":{"rendered":"https:\/\/versicherungen-fairline.ch\/?page_id=3337"},"modified":"2023-07-28T10:17:54","modified_gmt":"2023-07-28T08:17:54","slug":"demande-dassurance-dindemnites-journalieres-de-maladie-et-daccident-fairline","status":"publish","type":"page","link":"https:\/\/versicherungen-fairline.ch\/fr\/demande-dassurance-dindemnites-journalieres-de-maladie-et-daccident-fairline\/","title":{"rendered":"Demande d&rsquo;assurance d&rsquo;indemnit\u00e9s journali\u00e8res de maladie et d&rsquo;accident fairline"},"content":{"rendered":"<p><strong>Calculer la prime<\/strong><\/p>\r\n<p>Veuillez remplir le formulaire de<strong>\u00a0<\/strong><a href=\"https:\/\/versicherungen-fairline.ch\/wp-content\/uploads\/BV_fairline_Antrag_KTG_mit_ohne_Unfalldeckung_FR_05.2023.pdf\"><strong>demande d&rsquo;indemnit\u00e9s journali\u00e8res maladie et accident<\/strong><\/a> pour calculer votre prime.<\/p>\r\n<p>Veuillez noter que pour les entreprises jusqu&rsquo;\u00e0 quatre assur\u00e9s inclus et\/ou les propri\u00e9taires ayant un salaire fixe total, <strong><a href=\"https:\/\/versicherungen-fairline.ch\/wp-content\/uploads\/BV_VS_Gesundheitsfragebogen_f-1.pdf\">le questionnaire de sant\u00e9<\/a> <\/strong>(par assur\u00e9) doit \u00eatre rempli.<\/p>\r\n<p>&nbsp;<\/p>\r\n<p><strong>Souscrire une assurance<\/strong><\/p>\r\n<p>Pour demander l&rsquo;assurance, veuillez soumettre les demandes d\u00fbment remplies. Vous recevrez une copie de la demande soumise \u00e0 l&rsquo;adresse \u00e9lectronique fournie.<\/p>\r\n<p>&nbsp;<\/p>\r\n<noscript class=\"ninja-forms-noscript-message\">\n\tRemarque\u00a0: JavaScript est requis pour ce contenu.<\/noscript>\n<div id=\"nf-form-51-cont\" class=\"nf-form-cont\" aria-live=\"polite\" aria-labelledby=\"nf-form-title-51\" aria-describedby=\"nf-form-errors-51\" role=\"form\">\n\n    <div class=\"nf-loading-spinner\"><\/div>\n\n<\/div>\n        <!-- That data is being printed as a workaround to page builders reordering the order of the scripts loaded-->\n        <script>var formDisplay=1;var nfForms=nfForms||[];var form=[];form.id='51';form.settings={\"objectType\":\"Form Setting\",\"editActive\":true,\"title\":\"Antrag Einreichen Krankentaggeld F\",\"created_at\":\"2020-12-09 13:07:16\",\"default_label_pos\":\"above\",\"show_title\":\"0\",\"clear_complete\":\"1\",\"hide_complete\":\"1\",\"logged_in\":\"0\",\"wrapper_class\":\"\",\"element_class\":\"\",\"key\":\"\",\"add_submit\":\"1\",\"currency\":\"\",\"unique_field_error\":\"A form with this value has already been submitted.\",\"not_logged_in_msg\":\"\",\"sub_limit_msg\":\"The form has reached its submission limit.\",\"calculations\":[],\"formContentData\":[{\"formContentData\":[\"votre_e_mail_1607516430294\",\"demande_d_assurance_pdf_1645733882049\",\"questionnaire_de_sante_pdf_1616842429044\",\"deposer_des_documents_1616842463298\"],\"order\":0,\"type\":\"part\",\"clean\":true,\"title\":\"Part Title\",\"key\":\"ydorul\"}],\"changeEmailErrorMsg\":\"Veuillez entrer une adresse \\u00e9lectronique valide. \",\"changeDateErrorMsg\":\"Veuillez entrer une date valide. \",\"confirmFieldErrorMsg\":\"Ces champs doivent correspondre\\u00a0!\",\"fieldNumberNumMinError\":\"Erreur de nombre min.\",\"fieldNumberNumMaxError\":\"Erreur de nombre max.\",\"fieldNumberIncrementBy\":\"Veuillez incr\\u00e9menter par \",\"formErrorsCorrectErrors\":\"Veuillez corriger les erreurs avant d&#039;envoyer le formulaire.\",\"validateRequiredField\":\"Ce champ est obligatoire. \",\"honeypotHoneypotError\":\"Erreur Honeypot\",\"fieldsMarkedRequired\":\"Les champs marqu\\u00e9s d&#039;un * sont obligatoire\",\"conditions\":[{\"collapsed\":false,\"process\":1,\"connector\":\"all\",\"when\":[{\"connector\":\"AND\",\"key\":\"mitglieschaft_verband_fairline_1562853772900\",\"comparator\":\"equal\",\"value\":\"Kunde der fairsicherungsberatung ag.\",\"type\":\"field\",\"modelType\":\"when\"},{\"connector\":\"OR\",\"key\":\"mitglieschaft_verband_fairline_1562853772900\",\"comparator\":\"equal\",\"value\":\"bestehtendes Mitglied verband fairline.\",\"type\":\"field\",\"modelType\":\"when\"}],\"then\":[{\"key\":\"numero_de_client_fairsicherungsberatung_ag_verband_fairline_1607515761353\",\"trigger\":\"show_field\",\"value\":\"\",\"type\":\"field\",\"modelType\":\"then\"}],\"else\":[{\"key\":\"numero_de_client_fairsicherungsberatung_ag_verband_fairline_1607515761353\",\"trigger\":\"hide_field\",\"value\":\"\",\"type\":\"field\",\"modelType\":\"else\"}]},{\"collapsed\":false,\"process\":1,\"connector\":\"all\",\"when\":[{\"connector\":\"AND\",\"key\":\"mitglieschaft_verband_fairline_1562853772900\",\"comparator\":\"equal\",\"value\":\"Mitglied eines Partnerverbandes.\",\"type\":\"field\",\"modelType\":\"when\"}],\"then\":[{\"key\":\"associations_partenaires_1607515797388\",\"trigger\":\"show_field\",\"value\":\"\",\"type\":\"field\",\"modelType\":\"then\"},{\"key\":\"telecharger_la_confirmation_d_adhesion_1607516388952\",\"trigger\":\"show_field\",\"value\":\"\",\"type\":\"field\",\"modelType\":\"then\"}],\"else\":[{\"key\":\"associations_partenaires_1607515797388\",\"trigger\":\"hide_field\",\"value\":\"\",\"type\":\"field\",\"modelType\":\"else\"},{\"key\":\"telecharger_la_confirmation_d_adhesion_1607516388952\",\"trigger\":\"hide_field\",\"value\":\"\",\"type\":\"field\",\"modelType\":\"else\"}]}],\"mp_breadcrumb\":\"0\",\"mp_progress_bar\":\"0\",\"mp_display_titles\":\"0\",\"mp_prev_label\":\"\",\"mp_next_label\":\"\",\"drawerDisabled\":false,\"allow_public_link\":0,\"embed_form\":\"\",\"repeatable_fieldsets\":\"\",\"form_title_heading_level\":\"3\",\"ninjaForms\":\"Ninja Forms\",\"fieldTextareaRTEInsertLink\":\"Ins\\u00e9rer un lien\",\"fieldTextareaRTEInsertMedia\":\"Ins\\u00e9rer un m\\u00e9dia\",\"fieldTextareaRTESelectAFile\":\"S\\u00e9lectionnez un fichier\",\"formHoneypot\":\"Si vous \\u00eates un \\u00eatre humain et que vous voyez ce champ, veuillez le laisser vide.\",\"fileUploadOldCodeFileUploadInProgress\":\"T\\u00e9l\\u00e9versement du fichier en cours.\",\"fileUploadOldCodeFileUpload\":\"T\\u00c9L\\u00c9VERSEMENT DE FICHIER\",\"currencySymbol\":\"&#67;&#72;&#70;\",\"thousands_sep\":\"\\u00a0\",\"decimal_point\":\",\",\"siteLocale\":\"fr_FR\",\"dateFormat\":\"d.m.Y\",\"startOfWeek\":\"1\",\"of\":\"sur\",\"previousMonth\":\"Mois pr\\u00e9c\\u00e9dent\",\"nextMonth\":\"Mois suivant\",\"months\":[\"Janvier\",\"F\\u00e9vrier\",\"Mars\",\"Avril\",\"Mai\",\"Juin\",\"Juillet\",\"Ao\\u00fbt\",\"Septembre\",\"Octobre\",\"Novembre\",\"D\\u00e9cembre\"],\"monthsShort\":[\"Jan\",\"F\\u00e9v\",\"Mar\",\"Avr\",\"Mai\",\"Juin\",\"Juil\",\"Ao\\u00fb\",\"Sep\",\"Oct\",\"Nov\",\"D\\u00e9c\"],\"weekdays\":[\"Dimanche\",\"Lundi\",\"Mardi\",\"Mercredi\",\"Jeudi\",\"Vendredi\",\"Samedi\"],\"weekdaysShort\":[\"Dim\",\"Lun\",\"Mar\",\"Mer\",\"Jeu\",\"Ven\",\"Sam\"],\"weekdaysMin\":[\"Di\",\"Lu\",\"Ma\",\"Me\",\"Je\",\"Ve\",\"Sa\"],\"recaptchaConsentMissing\":\"reCaptcha validation couldn&#039;t load.\",\"recaptchaMissingCookie\":\"reCaptcha v3 validation couldn&#039;t load the cookie needed to submit the form.\",\"recaptchaConsentEvent\":\"Accept reCaptcha cookies before sending the form.\",\"currency_symbol\":\"\",\"beforeForm\":\"\",\"beforeFields\":\"\",\"afterFields\":\"\",\"afterForm\":\"\"};form.fields=[{\"objectType\":\"Field\",\"objectDomain\":\"fields\",\"editActive\":false,\"order\":1,\"idAttribute\":\"id\",\"type\":\"email\",\"label\":\"Votre E Mail\",\"key\":\"votre_e_mail_1607516430294\",\"label_pos\":\"hidden\",\"required\":1,\"default\":\"\",\"placeholder\":\"Votre E Mail\",\"container_class\":\"\",\"element_class\":\"\",\"admin_label\":\"\",\"help_text\":\"\",\"custom_name_attribute\":\"email\",\"drawerDisabled\":false,\"field_label\":\"Ihre E Mail Adresse\",\"field_key\":\"ihre_e_mail_adresse_1562852981016\",\"personally_identifiable\":1,\"disable_browser_autocomplete\":1,\"value\":\"\",\"id\":1628,\"beforeField\":\"\",\"afterField\":\"\",\"parentType\":\"email\",\"element_templates\":[\"email\",\"input\"],\"old_classname\":\"\",\"wrap_template\":\"wrap\"},{\"objectType\":\"Field\",\"objectDomain\":\"fields\",\"editActive\":false,\"order\":2,\"idAttribute\":\"id\",\"type\":\"file_upload\",\"label\":\"Demande d'assurance (.pdf)\",\"key\":\"demande_d_assurance_pdf_1645733882049\",\"label_pos\":\"hidden\",\"required\":0,\"container_class\":\"\",\"element_class\":\"\",\"manual_key\":\"\",\"help_text\":\"\",\"save_to_server\":0,\"upload_rename\":\"\",\"media_library\":1,\"upload_multi_count\":1,\"max_file_size\":0,\"upload_types\":\".pdf,.doc,.docx\",\"select_files_text\":\"T\\u00e9l\\u00e9charger la demande d'assurance (.pdf)\",\"drawerDisabled\":false,\"field_label\":\"Versicherungsantrag (Format .pdf)\",\"field_key\":\"versicherungsantrag_format_pdf_1562853067862\",\"min_file_size\":0,\"cancel_upload_text\":\"Annuler\",\"id\":1629,\"beforeField\":\"\",\"afterField\":\"\",\"value\":\"\",\"parentType\":\"textbox\",\"element_templates\":[\"file_upload\",\"input\"],\"old_classname\":\"\",\"wrap_template\":\"wrap\",\"max_chunk_size\":15099494,\"max_file_size_mb\":\"\",\"min_file_size_mb\":0,\"uploadNonce\":\"914ea9a6fe\",\"uploadNonceExpiry\":1776396120},{\"objectType\":\"Field\",\"objectDomain\":\"fields\",\"editActive\":false,\"order\":4,\"idAttribute\":\"id\",\"type\":\"file_upload\",\"label\":\"Questionnaire de sant\\u00e9 (.pdf)\",\"key\":\"questionnaire_de_sante_pdf_1616842429044\",\"label_pos\":\"hidden\",\"required\":1,\"container_class\":\"\",\"element_class\":\"\",\"manual_key\":\"\",\"help_text\":\"\",\"save_to_server\":0,\"upload_rename\":\"\",\"media_library\":1,\"upload_multi_count\":3,\"max_file_size\":0,\"upload_types\":\".pdf,.doc,.docx\",\"select_files_text\":\"T\\u00e9l\\u00e9charger le questionnaire de sant\\u00e9 (.pdf)\",\"drawerDisabled\":false,\"field_label\":\"Gesundheitsfragebogen (Format .pdf)\",\"field_key\":\"gesundheitsfragebogen_format_pdf_1563229499479\",\"min_file_size\":0,\"cancel_upload_text\":\"Cancel\",\"id\":1635,\"beforeField\":\"\",\"afterField\":\"\",\"value\":\"\",\"parentType\":\"textbox\",\"element_templates\":[\"file_upload\",\"input\"],\"old_classname\":\"\",\"wrap_template\":\"wrap\",\"max_chunk_size\":15099494,\"max_file_size_mb\":\"\",\"min_file_size_mb\":0,\"uploadNonce\":\"500027ba1b\",\"uploadNonceExpiry\":1776396120},{\"objectType\":\"Field\",\"objectDomain\":\"fields\",\"editActive\":false,\"order\":5,\"idAttribute\":\"id\",\"type\":\"submit\",\"label\":\"D\\u00e9poser des documents\",\"processing_label\":\"Votre demande sera envoy\\u00e9e.\",\"container_class\":\"\",\"element_class\":\"\",\"key\":\"deposer_des_documents_1616842463298\",\"field_label\":\"Antrag Einreichen\",\"field_key\":\"antrag_einreichen_1562853084174\",\"drawerDisabled\":false,\"id\":1630,\"beforeField\":\"\",\"afterField\":\"\",\"value\":\"\",\"label_pos\":\"above\",\"parentType\":\"textbox\",\"element_templates\":[\"submit\",\"button\",\"input\"],\"old_classname\":\"\",\"wrap_template\":\"wrap-no-label\"}];nfForms.push(form);<\/script>\n        <script id=\"tmpl-nf-mp-form-content\" type=\"text\/template\">\n\t<div class=\"nf-mp-header\"><\/div>\n\t<div class=\"nf-mp-body\"><\/div>\n\t<div class=\"nf-mp-footer\"><\/div>\n<\/script>\n\n\n<script id=\"tmpl-nf-mp-header\" type=\"text\/template\">\n\t{{{ data.renderProgressBar() }}}\n\t{{{ data.renderBreadcrumbs() }}}\n\t{{{ data.renderPartTitle() }}}\n<\/script>\n<script id=\"tmpl-nf-mp-part-title\" type=\"text\/template\">\n\t<h3>\n\t\t{{{ data.title }}}\n\t<\/h3>\n<\/script>\n\n<script id=\"tmpl-nf-mp-footer\" type=\"text\/template\">\n\t{{{ data.renderNextPrevious() }}}\n<\/script>\n\n<script id=\"tmpl-nf-mp-next-previous\" type=\"text\/template\">\n\t<ul class=\"nf-next-previous\">\n\t\t<# if ( data.showPrevious ) { #>\n\t\t<li class=\"nf-previous-item\">\n\t\t\t<input type=\"button\" class=\"nf-previous\" value=\"{{{ data.prevLabel }}}\" \/>\n\t\t<\/li>\n\t\t<# } #>\n\n\t\t<# if ( data.showNext ) { #>\n\t\t<li class=\"nf-next-item\">\n\t\t\t<input type=\"button\" class=\"nf-next\" value=\"{{{ data.nextLabel }}}\" \/>\n\t\t<\/li>\n\t\t<# } #>\n\t<\/ul>\n<\/script>\n\n<script id=\"tmpl-nf-mp-breadcrumbs\" type=\"text\/template\">\n\t<ul class=\"nf-breadcrumbs\">\n\t\t<# _.each( data.parts, function( part, index ) { #>\n\t\t<li class=\"{{{ ( data.currentIndex == index ) ? 'active' : '' }}} {{{ ( part.errors ) ? 'errors' : '' }}}\">\n\t\t\t<a href=\"#\" class=\"nf-breadcrumb\" data-index=\"{{{ index }}}\">{{{ ( part.errors ) ? '' : '' }}} {{{ part.title }}}<\/a>\n\t\t<\/li>\n\t\t<# } ); #>\n\t<\/ul>\n<\/script>\n\n<script id=\"tmpl-nf-mp-progress-bar\" type=\"text\/template\">\n    <div class=\"nf-progress-container\">\n        <div class=\"nf-progress\" style=\"width: {{{ data.percent }}}%;\"><\/div>\n    <\/div>\n<\/script>","protected":false},"excerpt":{"rendered":"<p>Calculer la prime Veuillez remplir le formulaire de\u00a0demande d&rsquo;indemnit\u00e9s journali\u00e8res maladie et accident pour calculer votre prime. Veuillez noter que pour les entreprises jusqu&rsquo;\u00e0 quatre assur\u00e9s inclus et\/ou les propri\u00e9taires ayant un salaire fixe total, le questionnaire de sant\u00e9 (par assur\u00e9) doit \u00eatre rempli. &nbsp; Souscrire une assurance Pour demander l&rsquo;assurance, veuillez soumettre les demandes<\/p>\n","protected":false},"author":6,"featured_media":0,"parent":0,"menu_order":8,"comment_status":"closed","ping_status":"closed","template":"","meta":{"_acf_changed":false,"_relevanssi_hide_post":"","_relevanssi_hide_content":"","_relevanssi_pin_for_all":"","_relevanssi_pin_keywords":"","_relevanssi_unpin_keywords":"","_relevanssi_related_keywords":"","_relevanssi_related_include_ids":"","_relevanssi_related_exclude_ids":"","_relevanssi_related_no_append":"","_relevanssi_related_not_related":"","_relevanssi_related_posts":"","_relevanssi_noindex_reason":"","_exactmetrics_skip_tracking":false,"_exactmetrics_sitenote_active":false,"_exactmetrics_sitenote_note":"","_exactmetrics_sitenote_category":0,"footnotes":""},"class_list":["post-3337","page","type-page","status-publish","hentry"],"acf":[],"_links":{"self":[{"href":"https:\/\/versicherungen-fairline.ch\/fr\/wp-json\/wp\/v2\/pages\/3337","targetHints":{"allow":["GET"]}}],"collection":[{"href":"https:\/\/versicherungen-fairline.ch\/fr\/wp-json\/wp\/v2\/pages"}],"about":[{"href":"https:\/\/versicherungen-fairline.ch\/fr\/wp-json\/wp\/v2\/types\/page"}],"author":[{"embeddable":true,"href":"https:\/\/versicherungen-fairline.ch\/fr\/wp-json\/wp\/v2\/users\/6"}],"replies":[{"embeddable":true,"href":"https:\/\/versicherungen-fairline.ch\/fr\/wp-json\/wp\/v2\/comments?post=3337"}],"version-history":[{"count":3,"href":"https:\/\/versicherungen-fairline.ch\/fr\/wp-json\/wp\/v2\/pages\/3337\/revisions"}],"predecessor-version":[{"id":4586,"href":"https:\/\/versicherungen-fairline.ch\/fr\/wp-json\/wp\/v2\/pages\/3337\/revisions\/4586"}],"wp:attachment":[{"href":"https:\/\/versicherungen-fairline.ch\/fr\/wp-json\/wp\/v2\/media?parent=3337"}],"curies":[{"name":"wp","href":"https:\/\/api.w.org\/{rel}","templated":true}]}}