{"id":3284,"date":"2018-09-27T16:47:04","date_gmt":"2018-09-27T14:47:04","guid":{"rendered":"https:\/\/versicherungen-fairline.ch\/unternehmen-faq\/"},"modified":"2023-07-26T00:22:57","modified_gmt":"2023-07-25T22:22:57","slug":"faq-sur-lentreprise","status":"publish","type":"page","link":"https:\/\/versicherungen-fairline.ch\/fr\/faq-sur-lentreprise\/","title":{"rendered":"FAQ sur l&rsquo;entreprise"},"content":{"rendered":"<h3>fairsicherungsberatung ag est le leader du conseil ind\u00e9pendant en assurance et pr\u00e9voyance en Suisse, qui travaille de mani\u00e8re durable selon des principes \u00e9conomiques, \u00e9cologiques et \u00e9thiques sociaux.<\/h3>\r\n<p>\u00ab\u00a0Le d\u00e9veloppement durable est un d\u00e9veloppement qui r\u00e9pond aux besoins du pr\u00e9sent sans compromettre la capacit\u00e9 des g\u00e9n\u00e9rations futures \u00e0 r\u00e9pondre aux leurs\u00a0\u00bb.<br \/>\r\n(Commission Brundtland 1987)<\/p>\r\n<p>Nous sommes \u00e9quitables, responsables, ind\u00e9pendants et sociaux !<div id=\"accordion-1\" class=\"accordion\"><div class=\"scrollto-offset\"><\/div><div class=\"accordion-control\"><span class=\"accordion-trigger\"><\/span> Fondation de fairsicherungsberatung ag <\/div><div class=\"accordion-content\"> La soci\u00e9t\u00e9 fairsicherungsberatung a \u00e9t\u00e9 fond\u00e9e le 1er mai 1990 en tant qu&rsquo;entreprise individuelle et transform\u00e9e le 1er janvier 2001 en la soci\u00e9t\u00e9 anonyme actuelle. La soci\u00e9t\u00e9 anonyme encadre et conseille la client\u00e8le aussi bien dans le cadre d&rsquo;un mandat de conseil (p. ex. conseil en pr\u00e9voyance) qu&rsquo;avec un contrat de courtage. En outre, des produits de contrats-cadres sont propos\u00e9s sous le titre &lsquo;fairline&rsquo;.<\/p>\r\n<p>La soci\u00e9t\u00e9 fairsicherungsberatung ag est inscrite au registre des interm\u00e9diaires de l&rsquo;Office f\u00e9d\u00e9ral des assurances priv\u00e9es sous le num\u00e9ro 14643<\/div><\/div><div id=\"accordion-2\" class=\"accordion\"><div class=\"scrollto-offset\"><\/div><div class=\"accordion-control\"><span class=\"accordion-trigger\"><\/span> Nos services <\/div><div class=\"accordion-content\">En tant que conseiller ind\u00e9pendant en mati\u00e8re d&rsquo;assurance, de pr\u00e9voyance et de finances, nous r\u00e9solvons les questions li\u00e9es \u00e0 ces th\u00e8mes exclusivement dans l&rsquo;int\u00e9r\u00eat de notre client\u00e8le. Que ce soit au niveau du conseil et de l&rsquo;analyse, des n\u00e9gociations contractuelles avec les prestataires, de la gestion de portefeuille ou de la repr\u00e9sentation en cas de sinistre. Nous faisons preuve de comp\u00e9tence, de fiabilit\u00e9 et de confiance<\/div><\/div><div id=\"accordion-3\" class=\"accordion\"><div class=\"scrollto-offset\"><\/div><div class=\"accordion-control\"><span class=\"accordion-trigger\"><\/span> Durabilit\u00e9 <\/div><div class=\"accordion-content\">La durabilit\u00e9 passe avant la maximisation des profits !<\/p>\r\n<p>Un comportement respectueux de l&rsquo;environnement et socialement responsable est payant pour les entreprises et leurs clients. Une utilisation respectueuse des ressources permet de r\u00e9duire les co\u00fbts et les risques et de limiter le potentiel de responsabilit\u00e9. Les statistiques parlent d&rsquo;elles-m\u00eames : les placements durables permettent aujourd&rsquo;hui d&rsquo;obtenir des rendements conformes au march\u00e9 avec un risque g\u00e9n\u00e9ralement limit\u00e9. De m\u00eame, la responsabilit\u00e9 sociale a un effet positif, car elle accro\u00eet la motivation et la responsabilit\u00e9 personnelle. Cela conduit \u00e0 une performance accrue et \u00e0 une perception publique positive de l&rsquo;organisation. fairsicherungsberatung s&rsquo;est engag\u00e9 \u00e0 respecter des principes durables et veille \u00e0 ce que la part durable de l&rsquo;\u00e9conomie augmente, c&rsquo;est pourquoi nous s\u00e9lectionnons en principe les fournisseurs selon ces crit\u00e8res.<\/p>\r\n<p>fairsicherungsberatung s&rsquo;engage en faveur du d\u00e9veloppement durable.<\/p>\r\n<\/div><\/div><div id=\"accordion-4\" class=\"accordion\"><div class=\"scrollto-offset\"><\/div><div class=\"accordion-control\"><span class=\"accordion-trigger\"><\/span> Ind\u00e9pendance<\/div><div class=\"accordion-content\">Nous ne sommes li\u00e9s \u00e0 aucune compagnie d&rsquo;assurance, institution de pr\u00e9voyance ou banque et sommes LE point de contact lorsqu&rsquo;il s&rsquo;agit de d\u00e9veloppement durable dans le secteur de l&rsquo;assurance, tant pour nos clients que pour le d\u00e9veloppement de produits innovants et durables au profit de nos clients.<\/div><\/div>\r\n<div id=\"accordion-5\" class=\"accordion\"><div class=\"scrollto-offset\"><\/div><div class=\"accordion-control\"><span class=\"accordion-trigger\"><\/span> Responsable<\/div><div class=\"accordion-content\">Nous sommes responsables de notre travail et des missions qui nous sont confi\u00e9es. Pour ce faire, nous agissons toujours selon des principes \u00e9conomiques, \u00e9cologiques, sociaux et \u00e9thiques. Nos prestations de service sont porteuses de sens pour nos clients, pour nos partenaires et pour nous-m\u00eames. Nous travaillons en fonction des solutions et proposons \u00e0 nos clients des produits sur mesure et optimis\u00e9s en termes de co\u00fbts.<\/div><\/div>\r\n<div id=\"accordion-6\" class=\"accordion\"><div class=\"scrollto-offset\"><\/div><div class=\"accordion-control\"><span class=\"accordion-trigger\"><\/span> Social<\/div><div class=\"accordion-content\">En tant qu&rsquo;\u00e9quipe, nous soignons consciemment notre collaboration et notre communication et orientons ensemble nos actions vers nos clients. Chez nous, les femmes et les hommes re\u00e7oivent le m\u00eame salaire pour le m\u00eame travail. Notre \u00e9cart salarial est de 1:3 au maximum. Avec des horaires et des taux de travail flexibles, nous vivons un \u00e9quilibre sain entre vie professionnelle et vie priv\u00e9e. Nous encourageons et soutenons le d\u00e9veloppement professionnel et personnel de tous nos collaborateurs. Nous permettons ainsi \u00e0 la fois la continuit\u00e9 et l&rsquo;innovation.<\/div><\/div><div id=\"accordion-7\" class=\"accordion\"><div class=\"scrollto-offset\"><\/div><div class=\"accordion-control\"><span class=\"accordion-trigger\"><\/span> Qui peut devenir client ?<\/div><div class=\"accordion-content\">Nous conseillons des PME, des institutions sociales, des organisations \u00e0 but non lucratif, des f\u00e9d\u00e9rations et des associations, des ind\u00e9pendants et des particuliers.<\/div><\/div>","protected":false},"excerpt":{"rendered":"<p>fairsicherungsberatung ag est le leader du conseil ind\u00e9pendant en assurance et pr\u00e9voyance en Suisse, qui travaille de mani\u00e8re durable selon des principes \u00e9conomiques, \u00e9cologiques et \u00e9thiques sociaux. \u00ab\u00a0Le d\u00e9veloppement durable est un d\u00e9veloppement qui r\u00e9pond aux besoins du pr\u00e9sent sans compromettre la capacit\u00e9 des g\u00e9n\u00e9rations futures \u00e0 r\u00e9pondre aux leurs\u00a0\u00bb. (Commission Brundtland 1987) Nous sommes<\/p>\n","protected":false},"author":7,"featured_media":0,"parent":0,"menu_order":23,"comment_status":"closed","ping_status":"closed","template":"","meta":{"_acf_changed":false,"_relevanssi_hide_post":"","_relevanssi_hide_content":"","_relevanssi_pin_for_all":"","_relevanssi_pin_keywords":"","_relevanssi_unpin_keywords":"","_relevanssi_related_keywords":"","_relevanssi_related_include_ids":"","_relevanssi_related_exclude_ids":"","_relevanssi_related_no_append":"","_relevanssi_related_not_related":"","_relevanssi_related_posts":"","_relevanssi_noindex_reason":"","_exactmetrics_skip_tracking":false,"_exactmetrics_sitenote_active":false,"_exactmetrics_sitenote_note":"","_exactmetrics_sitenote_category":0,"footnotes":""},"class_list":["post-3284","page","type-page","status-publish","hentry"],"acf":[],"_links":{"self":[{"href":"https:\/\/versicherungen-fairline.ch\/fr\/wp-json\/wp\/v2\/pages\/3284","targetHints":{"allow":["GET"]}}],"collection":[{"href":"https:\/\/versicherungen-fairline.ch\/fr\/wp-json\/wp\/v2\/pages"}],"about":[{"href":"https:\/\/versicherungen-fairline.ch\/fr\/wp-json\/wp\/v2\/types\/page"}],"author":[{"embeddable":true,"href":"https:\/\/versicherungen-fairline.ch\/fr\/wp-json\/wp\/v2\/users\/7"}],"replies":[{"embeddable":true,"href":"https:\/\/versicherungen-fairline.ch\/fr\/wp-json\/wp\/v2\/comments?post=3284"}],"version-history":[{"count":3,"href":"https:\/\/versicherungen-fairline.ch\/fr\/wp-json\/wp\/v2\/pages\/3284\/revisions"}],"predecessor-version":[{"id":4501,"href":"https:\/\/versicherungen-fairline.ch\/fr\/wp-json\/wp\/v2\/pages\/3284\/revisions\/4501"}],"wp:attachment":[{"href":"https:\/\/versicherungen-fairline.ch\/fr\/wp-json\/wp\/v2\/media?parent=3284"}],"curies":[{"name":"wp","href":"https:\/\/api.w.org\/{rel}","templated":true}]}}