{"id":3729,"date":"2021-04-29T09:46:21","date_gmt":"2021-04-29T07:46:21","guid":{"rendered":"https:\/\/versicherungen-fairline.ch\/?page_id=3729"},"modified":"2023-07-28T15:08:28","modified_gmt":"2023-07-28T13:08:28","slug":"antrag-dienstfahrtenkaskoversicherung-kibesuisse","status":"publish","type":"page","link":"https:\/\/versicherungen-fairline.ch\/de\/antrag-dienstfahrtenkaskoversicherung-kibesuisse\/","title":{"rendered":"Antrag Dienstfahrtenkaskoversicherung \u00abkibesuisse\u00bb"},"content":{"rendered":"<p>Bitte f\u00fcllen Sie <a href=\"https:\/\/versicherungen-fairline.ch\/wp-content\/uploads\/kibesuisse_antrag_dfk_.pdf\">den Antrag f\u00fcr die Dienstfahrtenkaskoversicherung<\/a> aus um Ihre pers\u00f6nliche Pr\u00e4mie zu berechnen.<\/p>\r\n<p>Wenn Sie die Versicherung verbindlich beantragen m\u00f6chten reichen Sie den gedruckten, vollst\u00e4ndig ausgef\u00fcllten und unterzeichneten Antrag in Form eines PDF ein. Sie erhalten anschliessend eine Kopie des eingereichten Antrag an die von Ihnen angegebene E Mail Adresse.<\/p>\r\n<p>Damit Ihre Anfrage bearbeitet werden kann ben\u00f6tigen wir von Ihnen einen Beleg zur Mitgliedschaft oder der beantragten Mitgliedschaft im Verband kibesuisse.<\/p>\r\n<p>&nbsp;<\/p>\r\n<p>&nbsp;<\/p>\r\n<noscript class=\"ninja-forms-noscript-message\">\n\tHinweis: F\u00fcr diesen Inhalt ist JavaScript erforderlich.<\/noscript>\n<div id=\"nf-form-57-cont\" class=\"nf-form-cont\" aria-live=\"polite\" aria-labelledby=\"nf-form-title-57\" aria-describedby=\"nf-form-errors-57\" role=\"form\">\n\n    <div class=\"nf-loading-spinner\"><\/div>\n\n<\/div>\n        <!-- That data is being printed as a workaround to page builders reordering the order of the scripts loaded-->\n        <script>var formDisplay=1;var nfForms=nfForms||[];var form=[];form.id='57';form.settings={\"objectType\":\"Form Setting\",\"editActive\":true,\"title\":\"Antrag Einreichen dfk kibesuisse\",\"created_at\":\"2021-04-29 09:28:42\",\"default_label_pos\":\"above\",\"show_title\":\"0\",\"clear_complete\":\"1\",\"hide_complete\":\"1\",\"logged_in\":\"0\",\"wrapper_class\":\"\",\"element_class\":\"\",\"key\":\"\",\"add_submit\":\"1\",\"currency\":\"\",\"unique_field_error\":\"A form with this value has already been submitted.\",\"not_logged_in_msg\":\"\",\"sub_limit_msg\":\"The form has reached its submission limit.\",\"calculations\":[],\"formContentData\":[{\"formContentData\":[\"mitgliederbestaetigung_kibesuisse_1563369651495\",\"html_1617107636710\",\"versicherungsantrag_format_pdf_doc_1563370518629\",\"html_1617107638284\",\"html_1617109262845\",\"ihre_e_mail_adresse_1562852981016\",\"html_1617107705708\",\"unterlagen_einreichen_1617107696637\"],\"order\":0,\"type\":\"part\",\"clean\":true,\"title\":\"Part Title\",\"key\":\"ydorul\"}],\"changeEmailErrorMsg\":\"Bitte gib eine g\\u00fcltige E-Mail-Adresse ein.\",\"changeDateErrorMsg\":\"Bitte gib ein g\\u00fcltiges Datum ein!\",\"confirmFieldErrorMsg\":\"Diese Felder m\\u00fcssen \\u00fcbereinstimmen!\",\"fieldNumberNumMinError\":\"Die eingegebene Zahl ist zu klein.\",\"fieldNumberNumMaxError\":\"Die eingegebene Zahl ist zu gross.\",\"fieldNumberIncrementBy\":\"Bitte erh\\u00f6hen in Schritten von\",\"formErrorsCorrectErrors\":\"Bitte korrigiere die Fehler, bevor du das Formular sendest.\",\"validateRequiredField\":\"Dies ist ein Pflichtfeld.\",\"honeypotHoneypotError\":\"Honeypot-Fehler\",\"fieldsMarkedRequired\":\" \",\"conditions\":[{\"collapsed\":false,\"process\":1,\"connector\":\"all\",\"when\":[{\"connector\":\"AND\",\"key\":\"mitglieschaft_verband_fairline_1562853772900\",\"comparator\":\"equal\",\"value\":\"Kunde der fairsicherungsberatung ag.\",\"type\":\"field\",\"modelType\":\"when\"},{\"connector\":\"OR\",\"key\":\"mitglieschaft_verband_fairline_1562853772900\",\"comparator\":\"equal\",\"value\":\"bestehtendes Mitglied verband fairline.\",\"type\":\"field\",\"modelType\":\"when\"}],\"then\":[{\"key\":\"kundennummer_fairsicherungsberatung_ag_verband_fairline_1562857153013\",\"trigger\":\"show_field\",\"value\":\"\",\"type\":\"field\",\"modelType\":\"then\"}],\"else\":[{\"key\":\"kundennummer_fairsicherungsberatung_ag_verband_fairline_1562857153013\",\"trigger\":\"hide_field\",\"value\":\"\",\"type\":\"field\",\"modelType\":\"else\"}]},{\"collapsed\":false,\"process\":1,\"connector\":\"all\",\"when\":[{\"connector\":\"AND\",\"key\":\"mitglieschaft_verband_fairline_1562853772900\",\"comparator\":\"equal\",\"value\":\"Mitglied eines Partnerverbandes.\",\"type\":\"field\",\"modelType\":\"when\"}],\"then\":[{\"key\":\"partnerverbaende_1562856842094\",\"trigger\":\"show_field\",\"value\":\"\",\"type\":\"field\",\"modelType\":\"then\"},{\"key\":\"mitgliederbestaetigung_partnerverband_1562856863080\",\"trigger\":\"show_field\",\"value\":\"\",\"type\":\"field\",\"modelType\":\"then\"}],\"else\":[{\"key\":\"partnerverbaende_1562856842094\",\"trigger\":\"hide_field\",\"value\":\"\",\"type\":\"field\",\"modelType\":\"else\"},{\"key\":\"mitgliederbestaetigung_partnerverband_1562856863080\",\"trigger\":\"hide_field\",\"value\":\"\",\"type\":\"field\",\"modelType\":\"else\"}]}],\"mp_breadcrumb\":\"0\",\"mp_progress_bar\":\"0\",\"mp_display_titles\":\"0\",\"mp_prev_label\":\"\",\"mp_next_label\":\"\",\"drawerDisabled\":false,\"repeatable_fieldsets\":\"\",\"allow_public_link\":0,\"embed_form\":\"\",\"ninjaForms\":\"Ninja Forms\",\"fieldTextareaRTEInsertLink\":\"Link einf\\u00fcgen\",\"fieldTextareaRTEInsertMedia\":\"Medien einf\\u00fcgen\",\"fieldTextareaRTESelectAFile\":\"Eine Datei ausw\\u00e4hlen\",\"formHoneypot\":\"Falls du ein Mensch bist und dieses Feld siehst, dann lasse es bitte leer.\",\"fileUploadOldCodeFileUploadInProgress\":\"Datei-Upload l\\u00e4uft.\",\"fileUploadOldCodeFileUpload\":\"DATEI-UPLOAD\",\"currencySymbol\":\"&#67;&#72;&#70;\",\"thousands_sep\":\".\",\"decimal_point\":\",\",\"siteLocale\":\"de_DE\",\"dateFormat\":\"d.m.Y\",\"startOfWeek\":\"1\",\"of\":\"von\",\"previousMonth\":\"Vorheriger Monat\",\"nextMonth\":\"N\\u00e4chster Monat\",\"months\":[\"Januar\",\"Februar\",\"M\\u00e4rz\",\"April\",\"Mai\",\"Juni\",\"Juli\",\"August\",\"September\",\"Oktober\",\"November\",\"Dezember\"],\"monthsShort\":[\"Jan.\",\"Feb.\",\"M\\u00e4rz\",\"Apr.\",\"Mai\",\"Juni\",\"Juli\",\"Aug\",\"Sep.\",\"Okt.\",\"Nov.\",\"Dez.\"],\"weekdays\":[\"Sonntag\",\"Montag\",\"Dienstag\",\"Mittwoch\",\"Donnerstag\",\"Freitag\",\"Samstag\"],\"weekdaysShort\":[\"So.\",\"Mo.\",\"Di.\",\"Mi.\",\"Do.\",\"Fr.\",\"Sa.\"],\"weekdaysMin\":[\"So.\",\"Mo.\",\"Di.\",\"Mi.\",\"Do.\",\"Fr.\",\"Sa.\"],\"recaptchaConsentMissing\":\"reCaptcha validation couldn&#039;t load.\",\"recaptchaMissingCookie\":\"reCaptcha v3 validation couldn&#039;t load the cookie needed to submit the form.\",\"recaptchaConsentEvent\":\"Accept reCaptcha cookies before sending the form.\",\"currency_symbol\":\"\",\"beforeForm\":\"\",\"beforeFields\":\"\",\"afterFields\":\"\",\"afterForm\":\"\"};form.fields=[{\"objectType\":\"Field\",\"objectDomain\":\"fields\",\"editActive\":false,\"order\":1,\"idAttribute\":\"id\",\"type\":\"file_upload\",\"label\":\"Mitgliederbest\\u00e4tigung kibesuisse\",\"key\":\"mitgliederbestaetigung_kibesuisse_1563369651495\",\"label_pos\":\"hidden\",\"required\":1,\"container_class\":\"\",\"element_class\":\"\",\"manual_key\":\"\",\"help_text\":\"\",\"save_to_server\":0,\"upload_rename\":\"\",\"media_library\":\"false\",\"upload_multi_count\":1,\"max_file_size\":0,\"select_files_text\":\"Mitgliederbest\\u00e4tigung kibesuisse laden (.pdf)\",\"upload_types\":\"\",\"drawerDisabled\":\"\",\"field_label\":\"Mitgliederbest\\u00e4tigung kibesuisse\",\"field_key\":\"mitgliederbestaetigung_kibesuisse_1563369651495\",\"min_file_size\":0,\"cancel_upload_text\":\"Abbrechen\",\"id\":1818,\"beforeField\":\"\",\"afterField\":\"\",\"value\":\"\",\"parentType\":\"textbox\",\"element_templates\":[\"file_upload\",\"input\"],\"old_classname\":\"\",\"wrap_template\":\"wrap\",\"max_chunk_size\":15099494,\"max_file_size_mb\":\"\",\"min_file_size_mb\":0,\"uploadNonce\":\"babe5d292d\",\"uploadNonceExpiry\":1776391478},{\"objectType\":\"Field\",\"objectDomain\":\"fields\",\"editActive\":false,\"order\":2,\"idAttribute\":\"id\",\"type\":\"html\",\"label\":\"HTML\",\"default\":\"\",\"container_class\":\"\",\"element_class\":\"\",\"key\":\"html_1617107636710\",\"field_label\":\"HTML\",\"field_key\":\"html_1617107636710\",\"id\":1819,\"beforeField\":\"\",\"afterField\":\"\",\"value\":\"\",\"label_pos\":\"above\",\"parentType\":\"html\",\"element_templates\":[\"html\",\"input\"],\"old_classname\":\"\",\"wrap_template\":\"wrap\"},{\"objectType\":\"Field\",\"objectDomain\":\"fields\",\"editActive\":false,\"order\":3,\"idAttribute\":\"id\",\"type\":\"file_upload\",\"label\":\"Versicherungsantrag (Format .pdf .doc)\",\"key\":\"versicherungsantrag_format_pdf_doc_1563370518629\",\"label_pos\":\"hidden\",\"required\":1,\"container_class\":\"\",\"element_class\":\"\",\"manual_key\":\"\",\"help_text\":\"\",\"save_to_server\":0,\"upload_rename\":\"\",\"media_library\":1,\"upload_multi_count\":1,\"max_file_size\":0,\"upload_types\":\".pdf,.doc,.docx\",\"select_files_text\":\"Versicherungsantrag laden (.pdf)\",\"drawerDisabled\":false,\"field_label\":\"Versicherungsantrag (Format .pdf .doc)\",\"field_key\":\"versicherungsantrag_format_pdf_doc_1563370518629\",\"min_file_size\":0,\"cancel_upload_text\":\"Abbrechen\",\"id\":1816,\"beforeField\":\"\",\"afterField\":\"\",\"value\":\"\",\"parentType\":\"textbox\",\"element_templates\":[\"file_upload\",\"input\"],\"old_classname\":\"\",\"wrap_template\":\"wrap\",\"max_chunk_size\":15099494,\"max_file_size_mb\":\"\",\"min_file_size_mb\":0,\"uploadNonce\":\"a14be4cbae\",\"uploadNonceExpiry\":1776391478},{\"objectType\":\"Field\",\"objectDomain\":\"fields\",\"editActive\":false,\"order\":4,\"idAttribute\":\"id\",\"type\":\"html\",\"label\":\"HTML\",\"default\":\"\",\"container_class\":\"\",\"element_class\":\"\",\"key\":\"html_1617107638284\",\"field_label\":\"HTML\",\"field_key\":\"html_1617107638284\",\"drawerDisabled\":false,\"id\":1820,\"beforeField\":\"\",\"afterField\":\"\",\"value\":\"\",\"label_pos\":\"above\",\"parentType\":\"html\",\"element_templates\":[\"html\",\"input\"],\"old_classname\":\"\",\"wrap_template\":\"wrap\"},{\"objectType\":\"Field\",\"objectDomain\":\"fields\",\"editActive\":false,\"order\":6,\"idAttribute\":\"id\",\"type\":\"html\",\"label\":\"HTML\",\"default\":\"\",\"container_class\":\"\",\"element_class\":\"\",\"key\":\"html_1617109262845\",\"field_label\":\"HTML\",\"field_key\":\"html_1617109262845\",\"id\":1823,\"beforeField\":\"\",\"afterField\":\"\",\"value\":\"\",\"label_pos\":\"above\",\"parentType\":\"html\",\"element_templates\":[\"html\",\"input\"],\"old_classname\":\"\",\"wrap_template\":\"wrap\"},{\"objectType\":\"Field\",\"objectDomain\":\"fields\",\"editActive\":false,\"order\":7,\"idAttribute\":\"id\",\"type\":\"email\",\"label\":\"Ihre E Mail Adresse\",\"key\":\"ihre_e_mail_adresse_1562852981016\",\"label_pos\":\"hidden\",\"required\":1,\"default\":\"\",\"placeholder\":\"Ihre E Mail Adresse\",\"container_class\":\"\",\"element_class\":\"\",\"admin_label\":\"\",\"help_text\":\"\",\"custom_name_attribute\":\"email\",\"drawerDisabled\":\"\",\"field_label\":\"Ihre E Mail Adresse\",\"field_key\":\"ihre_e_mail_adresse_1562852981016\",\"personally_identifiable\":1,\"disable_browser_autocomplete\":1,\"value\":\"\",\"id\":1815,\"beforeField\":\"\",\"afterField\":\"\",\"parentType\":\"email\",\"element_templates\":[\"email\",\"input\"],\"old_classname\":\"\",\"wrap_template\":\"wrap\"},{\"objectType\":\"Field\",\"objectDomain\":\"fields\",\"editActive\":false,\"order\":8,\"idAttribute\":\"id\",\"type\":\"html\",\"label\":\"HTML\",\"default\":\"\",\"container_class\":\"\",\"element_class\":\"\",\"key\":\"html_1617107705708\",\"field_label\":\"HTML\",\"field_key\":\"html_1617107705708\",\"id\":1821,\"beforeField\":\"\",\"afterField\":\"\",\"value\":\"\",\"label_pos\":\"above\",\"parentType\":\"html\",\"element_templates\":[\"html\",\"input\"],\"old_classname\":\"\",\"wrap_template\":\"wrap\"},{\"objectType\":\"Field\",\"objectDomain\":\"fields\",\"editActive\":false,\"order\":9,\"idAttribute\":\"id\",\"type\":\"submit\",\"label\":\"Unterlagen Einreichen\",\"processing_label\":\"Ihr Antrag wird versendet.\",\"container_class\":\"\",\"element_class\":\"\",\"key\":\"unterlagen_einreichen_1617107696637\",\"field_label\":\"Unterlagen Einreichen\",\"field_key\":\"unterlagen_einreichen_1617107696637\",\"drawerDisabled\":\"\",\"id\":1817,\"beforeField\":\"\",\"afterField\":\"\",\"value\":\"\",\"label_pos\":\"above\",\"parentType\":\"textbox\",\"element_templates\":[\"submit\",\"button\",\"input\"],\"old_classname\":\"\",\"wrap_template\":\"wrap-no-label\"}];nfForms.push(form);<\/script>\n        <script id=\"tmpl-nf-mp-form-content\" type=\"text\/template\">\n\t<div class=\"nf-mp-header\"><\/div>\n\t<div class=\"nf-mp-body\"><\/div>\n\t<div class=\"nf-mp-footer\"><\/div>\n<\/script>\n\n\n<script id=\"tmpl-nf-mp-header\" type=\"text\/template\">\n\t{{{ data.renderProgressBar() }}}\n\t{{{ data.renderBreadcrumbs() }}}\n\t{{{ data.renderPartTitle() }}}\n<\/script>\n<script id=\"tmpl-nf-mp-part-title\" type=\"text\/template\">\n\t<h3>\n\t\t{{{ data.title }}}\n\t<\/h3>\n<\/script>\n\n<script id=\"tmpl-nf-mp-footer\" type=\"text\/template\">\n\t{{{ data.renderNextPrevious() }}}\n<\/script>\n\n<script id=\"tmpl-nf-mp-next-previous\" type=\"text\/template\">\n\t<ul class=\"nf-next-previous\">\n\t\t<# if ( data.showPrevious ) { #>\n\t\t<li class=\"nf-previous-item\">\n\t\t\t<input type=\"button\" class=\"nf-previous\" value=\"{{{ data.prevLabel }}}\" \/>\n\t\t<\/li>\n\t\t<# } #>\n\n\t\t<# if ( data.showNext ) { #>\n\t\t<li class=\"nf-next-item\">\n\t\t\t<input type=\"button\" class=\"nf-next\" value=\"{{{ data.nextLabel }}}\" \/>\n\t\t<\/li>\n\t\t<# } #>\n\t<\/ul>\n<\/script>\n\n<script id=\"tmpl-nf-mp-breadcrumbs\" type=\"text\/template\">\n\t<ul class=\"nf-breadcrumbs\">\n\t\t<# _.each( data.parts, function( part, index ) { #>\n\t\t<li class=\"{{{ ( data.currentIndex == index ) ? 'active' : '' }}} {{{ ( part.errors ) ? 'errors' : '' }}}\">\n\t\t\t<a href=\"#\" class=\"nf-breadcrumb\" data-index=\"{{{ index }}}\">{{{ ( part.errors ) ? '' : '' }}} {{{ part.title }}}<\/a>\n\t\t<\/li>\n\t\t<# } ); #>\n\t<\/ul>\n<\/script>\n\n<script id=\"tmpl-nf-mp-progress-bar\" type=\"text\/template\">\n    <div class=\"nf-progress-container\">\n        <div class=\"nf-progress\" style=\"width: {{{ data.percent }}}%;\"><\/div>\n    <\/div>\n<\/script>","protected":false},"excerpt":{"rendered":"<p>Bitte f\u00fcllen Sie den Antrag f\u00fcr die Dienstfahrtenkaskoversicherung aus um Ihre pers\u00f6nliche Pr\u00e4mie zu berechnen. Wenn Sie die Versicherung verbindlich beantragen m\u00f6chten reichen Sie den gedruckten, vollst\u00e4ndig ausgef\u00fcllten und unterzeichneten Antrag in Form eines PDF ein. Sie erhalten anschliessend eine Kopie des eingereichten Antrag an die von Ihnen angegebene E Mail Adresse. Damit Ihre Anfrage<\/p>\n","protected":false},"author":6,"featured_media":0,"parent":0,"menu_order":0,"comment_status":"closed","ping_status":"closed","template":"","meta":{"_acf_changed":false,"_relevanssi_hide_post":"","_relevanssi_hide_content":"","_relevanssi_pin_for_all":"","_relevanssi_pin_keywords":"","_relevanssi_unpin_keywords":"","_relevanssi_related_keywords":"","_relevanssi_related_include_ids":"","_relevanssi_related_exclude_ids":"","_relevanssi_related_no_append":"","_relevanssi_related_not_related":"","_relevanssi_related_posts":"","_relevanssi_noindex_reason":"","_exactmetrics_skip_tracking":false,"_exactmetrics_sitenote_active":false,"_exactmetrics_sitenote_note":"","_exactmetrics_sitenote_category":0,"footnotes":""},"class_list":["post-3729","page","type-page","status-publish","hentry"],"acf":[],"_links":{"self":[{"href":"https:\/\/versicherungen-fairline.ch\/de\/wp-json\/wp\/v2\/pages\/3729","targetHints":{"allow":["GET"]}}],"collection":[{"href":"https:\/\/versicherungen-fairline.ch\/de\/wp-json\/wp\/v2\/pages"}],"about":[{"href":"https:\/\/versicherungen-fairline.ch\/de\/wp-json\/wp\/v2\/types\/page"}],"author":[{"embeddable":true,"href":"https:\/\/versicherungen-fairline.ch\/de\/wp-json\/wp\/v2\/users\/6"}],"replies":[{"embeddable":true,"href":"https:\/\/versicherungen-fairline.ch\/de\/wp-json\/wp\/v2\/comments?post=3729"}],"version-history":[{"count":1,"href":"https:\/\/versicherungen-fairline.ch\/de\/wp-json\/wp\/v2\/pages\/3729\/revisions"}],"predecessor-version":[{"id":4660,"href":"https:\/\/versicherungen-fairline.ch\/de\/wp-json\/wp\/v2\/pages\/3729\/revisions\/4660"}],"wp:attachment":[{"href":"https:\/\/versicherungen-fairline.ch\/de\/wp-json\/wp\/v2\/media?parent=3729"}],"curies":[{"name":"wp","href":"https:\/\/api.w.org\/{rel}","templated":true}]}}