{"id":3,"date":"2018-05-23T10:35:40","date_gmt":"2018-05-23T10:35:40","guid":{"rendered":"http:\/\/fairsicherung.ch\/?page_id=3"},"modified":"2024-12-13T10:03:13","modified_gmt":"2024-12-13T09:03:13","slug":"datenschutz-rechtliches","status":"publish","type":"page","link":"https:\/\/versicherungen-fairline.ch\/de\/datenschutz-rechtliches\/","title":{"rendered":"Datenschutz\/Rechtliches"},"content":{"rendered":"<p><strong>Einleitung<\/strong><\/p>\r\n<p>Die fairsicherungsberatung ag nehmen Ihre Privatsph\u00e4re und den Schutz Ihrer pers\u00f6nlichen Daten ernst. Wir behandeln Ihre Personendaten vertraulich und entsprechend der gesetzlichen Datenschutzvorschriften.<\/p>\r\n<p>Datenschutzverantwortlich:\u00a0Ren\u00e9 Gr\u00fcnig, 3011 Bern<\/p>\r\n<p>Website: <a href=\"http:\/\/versicherungen-fairline.ch\">versicherungen-fairline.ch<\/a><\/p>\r\n<p>&nbsp;<\/p>\r\n<p><strong>Erhebung, Verarbeitung und Nutzung folgender personenbezogenen Daten<\/strong><\/p>\r\n<p>Personendaten sind alle Angaben, die sich auf eine bestimmte oder bestimmbare Person beziehen.<\/p>\r\n<p>Wenn Sie diese Website besuchen, werden verschiedene personenbezogene Daten erhoben. Personenbezogene Daten wie Name, Adresse, E-Mailadresse, Telefonnummer etc. werden erhoben und verarbeitet, wenn Sie uns diese insb. per E-Mail\/Telefon oder Kontaktformular zur Verf\u00fcgung stellen.<\/p>\r\n<p>Schliesslich erfassen wir \u00fcber unsere Website gewisse Informationen in sog. Server-Log-Dateien, die Ihr Internet-Browser automatisch beim Besuch unserer Website an unsere IT-Systeme \u00fcbermittelt. Diese umfassen vor allem technische Daten wie unter anderem den Useragenten (Browsertyp und Browserversion, verwendetes Betriebssystem), http Header Informationen (Referrer URL, IP-Adresse des zugreifenden Rechners), die Uhrzeit der Serveranfrage, den Login-Status sowie Daten \u00fcber Seiten, Produkte und Dienstleistungen auf unserer Website, die Sie sich anschauen.<\/p>\r\n<p>&nbsp;<\/p>\r\n<p><strong>Zweck der Erhebung und Verarbeitung von personenbezogenen Daten<\/strong><\/p>\r\n<p>Wir verarbeiten Ihre personenbezogenen Daten insbesondere zu den folgenden Zwecken:<\/p>\r\n<ul>\r\n\t<li>zur Kommunikation mit Ihnen<\/li>\r\n\t<li>zur Verwaltung unserer Gesch\u00e4ftsbeziehung<\/li>\r\n\t<li>um Ihnen unsere Dienstleistungen zur Verf\u00fcgung zu stellen<\/li>\r\n\t<li>zur Bereitstellung einer funktionsf\u00e4higen Website sowie unserer Inhalte und Leistungen<\/li>\r\n\t<li>zur Analyse Ihres Nutzerverhaltens<\/li>\r\n\t<li>zu Marketingzwecken<\/li>\r\n\t<li>zur Verwaltung und Bewirtschaftung unserer IT-Ressourcen<\/li>\r\n\t<li>f\u00fcr sonstige Administrationszwecke<\/li>\r\n<\/ul>\r\n<p><strong>\u00a0<\/strong><\/p>\r\n<p><strong>Rechtsgrundlagen f\u00fcr die Bearbeitung der Personendaten<\/strong><\/p>\r\n<p>Je nach Zweck der Datenverarbeitung st\u00fctzen sich unsere Bearbeitungen von Personendaten auf unterschiedliche Rechtsgrundlagen, insbesonders auf die nachfolgend aufgef\u00fchrten:<\/p>\r\n<ul>\r\n\t<li>Erf\u00fcllung unserer vertraglichen Pflichten<\/li>\r\n\t<li>Wahrnehmung unserer berechtigten Interessen<\/li>\r\n\t<li>Ihre Einwilligung<\/li>\r\n\t<li>Einhaltung von Rechtsvorschriften<\/li>\r\n<\/ul>\r\n<p>&nbsp;<\/p>\r\n<p><strong>Datenweitergabe, Datenvermittlung im In- und Ausland<\/strong><\/p>\r\n<p>F\u00fcr die Erbringung unserer Dienstleistungen sind wir auf die interne und externe Weitergabe von Personendaten angewiesen. Wir geben somit im Rahmen unserer gesch\u00e4ftlichen Aktivit\u00e4ten, sofern es der Zweck erlaubt und es uns als angezeigt erscheint, Personendaten auch vertrauensw\u00fcrdigen Dritten bekannt. Solche Dritte sind verpflichtet, Ihre Personendaten ausschliesslich in unserem Auftrag und nach unseren Instruktionen zu bearbeiten sowie die Sicherheit Ihrer Personendaten mittels geeigneten technischen und organisatorischen Massnahmen sicherzustellen. Dabei geht es insbesondere um folgende Stellen:<\/p>\r\n<ul>\r\n\t<li>externe Dienstleister der fairsicherungsberatung ag (wie IT-Dienstleister, Buchhalter etc.)<\/li>\r\n\t<li>Versicherungsunternehmen und andere Erf\u00fcllungsgehilfen<\/li>\r\n\t<li>in- (und ausl\u00e4ndische) Beh\u00f6rden, Amtsstellen oder Gerichte<\/li>\r\n\t<li>andere Parteien in m\u00f6glichen oder tats\u00e4chlichen Rechtsverfahren<\/li>\r\n<\/ul>\r\n<p>&nbsp;<\/p>\r\n<p><strong>Datensicherheit<\/strong><\/p>\r\n<p>Um die Sicherheit Ihrer Daten w\u00e4hrend der \u00dcbertragung zu gew\u00e4hrleisten, verwenden wir Verschl\u00fcsselungsmethoden. Wir sch\u00fctzen daher unsere Website gegen die bekannten und unbekannten Angriffsformen mit geeigneten technischen und organisatorischen Massnahmen, um einen unbefugten oder unrechtm\u00e4ssigen Zugriff auf Ihre Personendaten zu verhindern. Da f\u00fcr die Kommunikation per E-Mail keine vollkommene Datensicherheit gew\u00e4hrleistet werden kann, empfehlen wir Ihnen, f\u00fcr vertrauliche Informationen eine sichere \u00dcbertragungsform zu w\u00e4hlen.<\/p>\r\n<p>Aus Gr\u00fcnden der Sicherheit und zum Schutz der \u00dcbermittlung von vertraulichen Daten verf\u00fcgt unsere Website \u00fcber eine SSL- bzw. TLS-Verschl\u00fcsselung. Dies k\u00f6nnen Sie anhand des Schloss-Symbols in der Browserzeile erkennen.<\/p>\r\n<p>&nbsp;<\/p>\r\n<p><strong>Dauer der Aufbewahrung und L\u00f6schung von Personendaten<\/strong><\/p>\r\n<p>Wir speichern Ihre Personendaten so lange, wie sie f\u00fcr die Zwecke, f\u00fcr die sie erhoben wurden, erforderlich sind, l\u00e4ngstens aber so lange, wie wir dies von Gesetzes wegen d\u00fcrfen.<\/p>\r\n<p>Von uns verarbeitete Daten werden nach den gesetzlich anwendbaren Bestimmungen gel\u00f6scht oder in ihrer Verarbeitung eingeschr\u00e4nkt. Sofern wir Sie nicht ausdr\u00fccklich anders informieren, werden bei uns gespeicherte Daten gel\u00f6scht, sobald sie f\u00fcr ihre Zweckbestimmung nicht mehr erforderlich sind und der L\u00f6schung keine gesetzlichen Aufbewahrungspflichten oder sonstigen gesetzlichen Vorgaben entgegenstehen. Sofern die Daten nicht gel\u00f6scht werden, weil sie f\u00fcr andere und gesetzlich zul\u00e4ssige Zwecke erforderlich sind, wird deren Verarbeitung entsprechend eingeschr\u00e4nkt.<\/p>\r\n<p>&nbsp;<\/p>\r\n<p><strong>Cookies<\/strong><\/p>\r\n<p>Beim Aufrufen bestimmter Seiten wird ein sogenannter \u00abSitzungscookie\u00bb gesetzt. Dies ist eine kleine Textdatei, die am Ende der Browsersitzung automatisch von Ihrem Computer gel\u00f6scht wird. Diese Datei dient nur dazu, bestimmte Anwendungen auszuf\u00fchren. Andere Cookies blieben auf Ihrem Computer, um Ihren Brower beim n\u00e4chsten Websitebesuch wieder zu erkennen. Bei den meisten Webbrowsern k\u00f6nnen Sie die Einstellungen so \u00e4ndern, dass Ihr Browser keine neuen Cookies akzeptiert oder dass empfangene Cookies gel\u00f6scht werden. Wie dies speziell f\u00fcr Ihren Browser funktioniert, erfahren Sie normalerweise \u00fcber die Hilfefunktion.<\/p>\r\n<p>&nbsp;<\/p>\r\n<p><strong>Google Analytics<\/strong><\/p>\r\n<p>Unsere Website nutzt Funktionen des Webanalysedienstes Google Analytics. Anbieter ist Google Inc., 1600 Amphitheatre Parkway, Mountain View, CA 94043, USA. Es handelt sich dabei um eine Open-Source-Software zur Website-Optimierung, die den Zugriff von Website-Besuchern mithilfe von Cookies anonym bewertet. Ihre IP-Adresse wird unmittelbar nach der Verarbeitung und vor dem Speichern anonymisiert. Die durch die Cookies erzeugten Informationen \u00fcber Ihre Nutzung unseres Angebots werden nicht zur pers\u00f6nlichen Bewertung oder Profilerstellung verwendet und auch nicht an Dritte weitergegeben. Das Setzen von Cookies und die damit verbundene Verarbeitung personenbezogener Daten erfolgt in unserem berechtigten Interesse und dient der Verbesserung der Qualit\u00e4t unserer Website und ihres Inhalts. Dadurch erfahren wir, wie die Website genutzt wird, und k\u00f6nnen unser Angebot st\u00e4ndig optimieren.<\/p>\r\n<p>Die von Google Analytics verwendeten Cookies werden auf Ihrem Computer gespeichert und von dort auf unsere Website \u00fcbertragen. Als Benutzer haben Sie daher die volle Kontrolle \u00fcber die Verwendung von Cookies. Bereits gespeicherte Cookies k\u00f6nnen jederzeit gel\u00f6scht werden. Dies kann auch automatisch erfolgen. Informationen zum Datenschutz bei Google Analytics k\u00f6nnen Sie jederzeit unter <a href=\"https:\/\/policies.google.com\/privacy?hl=de\">https:\/\/policies.google.com\/privacy?hl=de<\/a> lesen. Sie k\u00f6nnen auch der Speicherung und Auswertung dieser Daten durch Google Analytics widersprechen (<a href=\"https:\/\/tools.google.com\/dlpage\/gaoptout?hl=de\">https:\/\/tools.google.com\/dlpage\/gaoptout?hl=de<\/a>). In diesem Fall wird ein sogenanntes Opt-out-Cookie dauerhaft in Ihrem Browser gespeichert, wodurch Google Anaytics keine Daten zur Speicherung und Auswertung sammelt. Wenn Sie dieses Cookie jedoch absichtlich oder unbeabsichtigt l\u00f6schen, wird der Einwand gegen die Speicherung und Auswertung von Daten ebenfalls aufgehoben und kann \u00fcber den obigen Link erneuert werden.<\/p>\r\n<p>&nbsp;<\/p>\r\n<p><strong>Google Web Fonts<\/strong><\/p>\r\n<p>Unsere Website nutzt zur einheitlichen Darstellung von Schriftarten so genannte Web Fonts, die von Google bereitgestellt werden. Dabei l\u00e4dt Ihr Browser die ben\u00f6tigten Web Fonts in Ihrem Browsercache, um Texte und Schriftarten korrekt anzuzeigen. Zu diesem Zweck muss der von Ihnen verwendete Browser Verbindung zu den Servern von Google aufnehmen. Hierdurch erlangt Google Kenntnis dar\u00fcber, dass \u00fcber Ihre IP-Adresse unsere Website aufgerufen wurde. Wenn Ihr Browser Web Fonts nicht unterst\u00fctzt, wird eine Standardschrift von Ihrem Computer genutzt. Weitere Informationen zu Google Web Fonts finden Sie unter <a href=\"https:\/\/developers.google.com\/fonts\/faq\">https:\/\/developers.google.com\/fonts\/faq<\/a> und in der Datenschutzerkl\u00e4rung von Google (<a href=\"https:\/\/policies.google.com\/privacy\">https:\/\/policies.google.com\/privacy<\/a>).<\/p>\r\n<p>&nbsp;<\/p>\r\n<p><strong>Kontaktformular<\/strong><\/p>\r\n<p>Wenn Sie uns per Kontaktformular Anfragen zukommen lassen, werden Ihre Angaben aus dem Anfrageformular inklusive der von Ihnen dort angegebenen Kontaktdaten zwecks Bearbeitung der Anfrage und f\u00fcr den Fall von Anschlussfragen bei uns gespeichert. Diese Daten geben wir nicht ohne Ihre Einwilligung weiter.<\/p>\r\n<p>&nbsp;<\/p>\r\n<p><strong>Urheberrechte<\/strong><\/p>\r\n<p>Die Urheber- und alle anderen Rechte an Inhalten, Bildern, Fotos oder anderen Dateien auf der Website geh\u00f6ren ausschliesslich dem Betreiber dieser Website oder den speziell genannten Rechteinhabern. F\u00fcr die Reproduktion von s\u00e4mtlichen Dateien ist die schriftliche Zustimmung des Urheberrechtstr\u00e4gers im Voraus einzuholen. Wer ohne Einwilligung des jeweiligen Rechteinhabers eine Urheberrechtsverletzung begeht, kann sich strafbar und allenfalls schadenersatzpflichtig machen.<\/p>\r\n<p>&nbsp;<\/p>\r\n<p><strong>Allgemeiner Haftungsausschluss<\/strong><\/p>\r\n<p>Alle Angaben unseres Internetangebotes wurden sorgf\u00e4ltig gepr\u00fcft. Wir bem\u00fchen uns, unser Informationsangebot aktuell, inhaltlich richtig und vollst\u00e4ndig anzubieten. Trotzdem kann das Auftreten von Fehlern nicht v\u00f6llig ausgeschlossen werden, sodass wir keine Garantie f\u00fcr Vollst\u00e4ndigkeit, Richtigkeit und Aktualit\u00e4t von Informationen auch journalistisch-redaktioneller Art \u00fcbernehmen k\u00f6nnen. Haftungsanspr\u00fcche aus Sch\u00e4den materieller oder ideeller Art, die durch die Nutzung der angebotenen Informationen verursacht wurden, sind ausgeschlossen, sofern kein nachweislich vors\u00e4tzliches oder grob fahrl\u00e4ssiges Verschulden vorliegt. Der Herausgeber kann nach eigenem Ermessen und ohne Ank\u00fcndigung Texte ver\u00e4ndern oder l\u00f6schen und ist nicht verpflichtet, Inhalte dieser Website zu aktualisieren. Die Benutzung bzw. der Zugang zu dieser Website geschieht auf eigene Gefahr des Besuchers. Der Herausgeber, seine Auftraggeber oder Partner sind nicht verantwortlich f\u00fcr Sch\u00e4den, wie direkte, indirekte, zuf\u00e4llige, vorab konkret zu bestimmende oder Folgesch\u00e4den, die angeblich durch den Besuch dieser Website entstanden sind und \u00fcbernehmen hierf\u00fcr folglich keine Haftung. Der Herausgeber \u00fcbernimmt ebenfalls keine Verantwortung und Haftung f\u00fcr die Inhalte und die Verf\u00fcgbarkeit von Webseiten Dritter, die \u00fcber externe Links dieser Webseite erreichbar sind. F\u00fcr den Inhalt der verlinkten Seiten sind ausschliesslich deren Betreiber verantwortlich. Der Herausgeber distanziert sich damit ausdr\u00fccklich von allen Inhalten Dritter, die m\u00f6glicherweise straf- oder haftungsrechtlich relevant sind oder gegen die guten Sitten verstossen.<\/p>\r\n<p>&nbsp;<\/p>\r\n<p><strong>Ihre Rechte<\/strong><\/p>\r\n<p>Grunds\u00e4tzlich haben Sie das Recht auf Information, Berichtigung, L\u00f6schung, Einschr\u00e4nkung, Daten\u00fcbertragbarkeit, Widerruf und Widerspruch. Sie sind insbesondere berechtigt, sich nach Ihren durch uns gespeicherten Daten und deren Verarbeitung zu erkundigen, sowie eine Kopie davon zu erhalten. Sie k\u00f6nnen Ihre Daten auch berichtigen oder l\u00f6schen lassen, die Verarbeitung dieser Daten einschr\u00e4nken und der Verarbeitung Ihrer personenbezogenen Daten widersprechen. Sie k\u00f6nnen Ihre Zustimmung auch widerrufen. Der Widerspruch kann insbesondere gegen die Verarbeitung f\u00fcr Zwecke der Direktwerbung erfolgen. Bitte beachten Sie, dass wir, auch nachdem Sie Ihre Einwilligung widerrufen haben, in der Lage sein k\u00f6nnen, Ihre personenbezogenen Daten weiter zu verarbeiten, soweit dies gesetzlich erforderlich oder zul\u00e4ssig ist. Sie k\u00f6nnen auch eine Beschwerde in Bezug auf die Verarbeitung Ihrer personenbezogenen Daten bei einer lokalen Aufsichtsbeh\u00f6rde einreichen, in der Schweiz beim Eidgen\u00f6ssischen Datenschutz- und \u00d6ffentlichkeitsbeauftragten.<\/p>\r\n<p>&nbsp;<\/p>\r\n<p><strong>Fragen an den Datenschutzbeauftragten<\/strong><\/p>\r\n<p>Wenn Sie Anfragen, Fragen oder Anmerkungen zum Datenschutz haben, schreiben Sie uns bitte eine E-Mail oder wenden Sie sich direkt an die f\u00fcr den Datenschutz zu Beginn der Datenschutzerkl\u00e4rung aufgef\u00fchrten, verantwortlichen Person in unserer Organisation.<\/p>\r\n<p>&nbsp;<\/p>\r\n<p><strong>\u00c4nderungen<\/strong><\/p>\r\n<p>Diese Datenschutzerkl\u00e4rung wurde im Februar 2021 aktualisiert. Wir k\u00f6nnen diese Datenschutzerkl\u00e4rung jederzeit ohne Vorank\u00fcndigung anpassen. Es gilt die jeweils aktuelle, auf unserer Website publizierte Fassung.<\/p>\r\n<p>&nbsp;<\/p>\r\n<p><a href=\"https:\/\/versicherungen-fairline.ch\/wp-content\/uploads\/Informationsblatt_Art.45_VAG.pdf\">Informationsblatt_Art.45_VAG<\/a><\/p>","protected":false},"excerpt":{"rendered":"<p>Einleitung Die fairsicherungsberatung ag nehmen Ihre Privatsph\u00e4re und den Schutz Ihrer pers\u00f6nlichen Daten ernst. Wir behandeln Ihre Personendaten vertraulich und entsprechend der gesetzlichen Datenschutzvorschriften. Datenschutzverantwortlich:\u00a0Ren\u00e9 Gr\u00fcnig, 3011 Bern Website: versicherungen-fairline.ch &nbsp; Erhebung, Verarbeitung und Nutzung folgender personenbezogenen Daten Personendaten sind alle Angaben, die sich auf eine bestimmte oder bestimmbare Person beziehen. Wenn Sie diese Website<\/p>\n","protected":false},"author":1,"featured_media":0,"parent":0,"menu_order":26,"comment_status":"closed","ping_status":"closed","template":"","meta":{"_acf_changed":false,"_relevanssi_hide_post":"","_relevanssi_hide_content":"","_relevanssi_pin_for_all":"","_relevanssi_pin_keywords":"","_relevanssi_unpin_keywords":"","_relevanssi_related_keywords":"","_relevanssi_related_include_ids":"","_relevanssi_related_exclude_ids":"","_relevanssi_related_no_append":"","_relevanssi_related_not_related":"","_relevanssi_related_posts":"","_relevanssi_noindex_reason":"","_exactmetrics_skip_tracking":false,"_exactmetrics_sitenote_active":false,"_exactmetrics_sitenote_note":"","_exactmetrics_sitenote_category":0,"footnotes":""},"class_list":["post-3","page","type-page","status-publish","hentry"],"acf":[],"_links":{"self":[{"href":"https:\/\/versicherungen-fairline.ch\/de\/wp-json\/wp\/v2\/pages\/3","targetHints":{"allow":["GET"]}}],"collection":[{"href":"https:\/\/versicherungen-fairline.ch\/de\/wp-json\/wp\/v2\/pages"}],"about":[{"href":"https:\/\/versicherungen-fairline.ch\/de\/wp-json\/wp\/v2\/types\/page"}],"author":[{"embeddable":true,"href":"https:\/\/versicherungen-fairline.ch\/de\/wp-json\/wp\/v2\/users\/1"}],"replies":[{"embeddable":true,"href":"https:\/\/versicherungen-fairline.ch\/de\/wp-json\/wp\/v2\/comments?post=3"}],"version-history":[{"count":3,"href":"https:\/\/versicherungen-fairline.ch\/de\/wp-json\/wp\/v2\/pages\/3\/revisions"}],"predecessor-version":[{"id":4935,"href":"https:\/\/versicherungen-fairline.ch\/de\/wp-json\/wp\/v2\/pages\/3\/revisions\/4935"}],"wp:attachment":[{"href":"https:\/\/versicherungen-fairline.ch\/de\/wp-json\/wp\/v2\/media?parent=3"}],"curies":[{"name":"wp","href":"https:\/\/api.w.org\/{rel}","templated":true}]}}