{"id":1691,"date":"2019-07-08T17:49:01","date_gmt":"2019-07-08T15:49:01","guid":{"rendered":"https:\/\/versicherungen-fairline.ch\/?page_id=1691"},"modified":"2024-02-13T14:16:24","modified_gmt":"2024-02-13T13:16:24","slug":"antrag-kranken-und-unfalltaggeldversicherung-verband-fairline","status":"publish","type":"page","link":"https:\/\/versicherungen-fairline.ch\/de\/antrag-kranken-und-unfalltaggeldversicherung-verband-fairline\/","title":{"rendered":"Antrag Kranken- und Unfalltaggeldversicherung fairline"},"content":{"rendered":"<p><strong>Pr\u00e4mie berechnen<\/strong><\/p>\r\n<p>Bitte f\u00fcllen Sie den den\u00a0<strong><a href=\"https:\/\/versicherungen-fairline.ch\/wp-content\/uploads\/BV_fairline_Antrag_KTG_mit_ohne_Unfalldeckung_DE_05.2023.pdf\">Antrag Kranken- und Unfalltaggeldversicherung<\/a> <\/strong>aus um Ihre Pr\u00e4mie zu berechnen.<\/p>\r\n<p>Um die korrekte Berechnung der Pr\u00e4mie auf dem Antrag sicherzustellen, muss das Formular ausserhalb des Internetbrowsers in einem PDF-f\u00e4higen Programm &#8211; optimalerweise in Adobe &#8211; ge\u00f6ffnet werden.<\/p>\r\n<p><strong>Beachten Sie<\/strong>, dass f\u00fcr<strong> Betriebe bis und mit 4 versicherten Personen und\/oder Inhaber\/innen mit fester Lohnsumme<\/strong> zwingend der <strong><a href=\"https:\/\/versicherungen-fairline.ch\/wp-content\/uploads\/BV_VS_Gesundheitsfragebogen_d-1.pdf\">Gesundheitsfragebogen<\/a> <\/strong>(pro Versicherten) auszuf\u00fcllen ist.<\/p>\r\n<p>&nbsp;<\/p>\r\n<p><strong>Versicherung abschliessen<\/strong><\/p>\r\n<p>Wenn Sie die Versicherung verbindlich beantragen m\u00f6chten reichen Sie die gedruckten, vollst\u00e4ndig ausgef\u00fcllten und unterzeichneten Antr\u00e4ge in Form eines PDF ein. Sie erhalten anschliessend eine Kopie des eingereichten Antrag an die von Ihnen angegebene E Mail Adresse.<\/p>\r\n<p>&nbsp;<\/p>\r\n<noscript class=\"ninja-forms-noscript-message\">\n\tHinweis: F\u00fcr diesen Inhalt ist JavaScript erforderlich.<\/noscript>\n<div id=\"nf-form-32-cont\" class=\"nf-form-cont\" aria-live=\"polite\" aria-labelledby=\"nf-form-title-32\" aria-describedby=\"nf-form-errors-32\" role=\"form\">\n\n    <div class=\"nf-loading-spinner\"><\/div>\n\n<\/div>\n        <!-- That data is being printed as a workaround to page builders reordering the order of the scripts loaded-->\n        <script>var formDisplay=1;var nfForms=nfForms||[];var form=[];form.id='32';form.settings={\"objectType\":\"Form Setting\",\"editActive\":true,\"title\":\"Antrag Einreichen Krankentaggeld\",\"created_at\":\"2019-07-16 00:23:40\",\"default_label_pos\":\"above\",\"show_title\":\"0\",\"clear_complete\":\"1\",\"hide_complete\":\"1\",\"logged_in\":\"0\",\"wrapper_class\":\"\",\"element_class\":\"\",\"key\":\"\",\"add_submit\":\"1\",\"currency\":\"\",\"unique_field_error\":\"A form with this value has already been submitted.\",\"not_logged_in_msg\":\"\",\"sub_limit_msg\":\"The form has reached its submission limit.\",\"calculations\":[],\"formContentData\":[{\"formContentData\":[\"ihre_e_mail_adresse_1562852981016\",\"versicherungsantrag_format_pdf_1645733836634\",\"gesundheitsfragebogen_format_pdf_1563229499479\",\"unterlagen_einreichen_1616842158596\"],\"order\":0,\"type\":\"part\",\"clean\":true,\"title\":\"Part Title\",\"key\":\"ydorul\"}],\"allow_public_link\":\"0\",\"embed_form\":\"\",\"changeEmailErrorMsg\":\"Bitte gib eine g\\u00fcltige E-Mail-Adresse ein.\",\"changeDateErrorMsg\":\"Bitte gib ein g\\u00fcltiges Datum ein!\",\"confirmFieldErrorMsg\":\"Diese Felder m\\u00fcssen \\u00fcbereinstimmen!\",\"fieldNumberNumMinError\":\"Die eingegebene Zahl ist zu klein.\",\"fieldNumberNumMaxError\":\"Die eingegebene Zahl ist zu gross.\",\"fieldNumberIncrementBy\":\"Bitte erh\\u00f6hen in Schritten von\",\"formErrorsCorrectErrors\":\"Bitte korrigiere die Fehler, bevor du das Formular sendest.\",\"validateRequiredField\":\"Dies ist ein Pflichtfeld.\",\"honeypotHoneypotError\":\"Honeypot-Fehler\",\"fieldsMarkedRequired\":\" \",\"conditions\":[{\"collapsed\":false,\"process\":1,\"connector\":\"all\",\"when\":[{\"connector\":\"AND\",\"key\":\"mitglieschaft_verband_fairline_1562853772900\",\"comparator\":\"equal\",\"value\":\"Kunde der fairsicherungsberatung ag.\",\"type\":\"field\",\"modelType\":\"when\"},{\"connector\":\"OR\",\"key\":\"mitglieschaft_verband_fairline_1562853772900\",\"comparator\":\"equal\",\"value\":\"bestehtendes Mitglied verband fairline.\",\"type\":\"field\",\"modelType\":\"when\"}],\"then\":[{\"key\":\"kundennummer_fairsicherungsberatung_ag_verband_fairline_1562857153013\",\"trigger\":\"show_field\",\"value\":\"\",\"type\":\"field\",\"modelType\":\"then\"}],\"else\":[{\"key\":\"kundennummer_fairsicherungsberatung_ag_verband_fairline_1562857153013\",\"trigger\":\"hide_field\",\"value\":\"\",\"type\":\"field\",\"modelType\":\"else\"}]},{\"collapsed\":false,\"process\":1,\"connector\":\"all\",\"when\":[{\"connector\":\"AND\",\"key\":\"mitglieschaft_verband_fairline_1562853772900\",\"comparator\":\"equal\",\"value\":\"Mitglied eines Partnerverbandes.\",\"type\":\"field\",\"modelType\":\"when\"}],\"then\":[{\"key\":\"partnerverbaende_1562856842094\",\"trigger\":\"show_field\",\"value\":\"\",\"type\":\"field\",\"modelType\":\"then\"},{\"key\":\"mitgliederbestaetigung_partnerverband_1562856863080\",\"trigger\":\"show_field\",\"value\":\"\",\"type\":\"field\",\"modelType\":\"then\"}],\"else\":[{\"key\":\"partnerverbaende_1562856842094\",\"trigger\":\"hide_field\",\"value\":\"\",\"type\":\"field\",\"modelType\":\"else\"},{\"key\":\"mitgliederbestaetigung_partnerverband_1562856863080\",\"trigger\":\"hide_field\",\"value\":\"\",\"type\":\"field\",\"modelType\":\"else\"}]}],\"mp_breadcrumb\":\"0\",\"mp_progress_bar\":\"0\",\"mp_display_titles\":\"0\",\"mp_prev_label\":\"\",\"mp_next_label\":\"\",\"drawerDisabled\":false,\"repeatable_fieldsets\":\"\",\"form_title_heading_level\":\"3\",\"ninjaForms\":\"Ninja Forms\",\"fieldTextareaRTEInsertLink\":\"Link einf\\u00fcgen\",\"fieldTextareaRTEInsertMedia\":\"Medien einf\\u00fcgen\",\"fieldTextareaRTESelectAFile\":\"Eine Datei ausw\\u00e4hlen\",\"formHoneypot\":\"Falls du ein Mensch bist und dieses Feld siehst, dann lasse es bitte leer.\",\"fileUploadOldCodeFileUploadInProgress\":\"Datei-Upload l\\u00e4uft.\",\"fileUploadOldCodeFileUpload\":\"DATEI-UPLOAD\",\"currencySymbol\":\"&#67;&#72;&#70;\",\"thousands_sep\":\".\",\"decimal_point\":\",\",\"siteLocale\":\"de_DE\",\"dateFormat\":\"d.m.Y\",\"startOfWeek\":\"1\",\"of\":\"von\",\"previousMonth\":\"Vorheriger Monat\",\"nextMonth\":\"N\\u00e4chster Monat\",\"months\":[\"Januar\",\"Februar\",\"M\\u00e4rz\",\"April\",\"Mai\",\"Juni\",\"Juli\",\"August\",\"September\",\"Oktober\",\"November\",\"Dezember\"],\"monthsShort\":[\"Jan.\",\"Feb.\",\"M\\u00e4rz\",\"Apr.\",\"Mai\",\"Juni\",\"Juli\",\"Aug\",\"Sep.\",\"Okt.\",\"Nov.\",\"Dez.\"],\"weekdays\":[\"Sonntag\",\"Montag\",\"Dienstag\",\"Mittwoch\",\"Donnerstag\",\"Freitag\",\"Samstag\"],\"weekdaysShort\":[\"So.\",\"Mo.\",\"Di.\",\"Mi.\",\"Do.\",\"Fr.\",\"Sa.\"],\"weekdaysMin\":[\"So.\",\"Mo.\",\"Di.\",\"Mi.\",\"Do.\",\"Fr.\",\"Sa.\"],\"recaptchaConsentMissing\":\"reCaptcha validation couldn&#039;t load.\",\"recaptchaMissingCookie\":\"reCaptcha v3 validation couldn&#039;t load the cookie needed to submit the form.\",\"recaptchaConsentEvent\":\"Accept reCaptcha cookies before sending the form.\",\"currency_symbol\":\"\",\"beforeForm\":\"\",\"beforeFields\":\"\",\"afterFields\":\"\",\"afterForm\":\"\"};form.fields=[{\"objectType\":\"Field\",\"objectDomain\":\"fields\",\"editActive\":false,\"order\":1,\"idAttribute\":\"id\",\"type\":\"email\",\"label\":\"Ihre E Mail Adresse\",\"key\":\"ihre_e_mail_adresse_1562852981016\",\"label_pos\":\"hidden\",\"required\":1,\"default\":\"\",\"placeholder\":\"Ihre E Mail Adresse\",\"container_class\":\"\",\"element_class\":\"\",\"admin_label\":\"\",\"help_text\":\"\",\"custom_name_attribute\":\"email\",\"drawerDisabled\":false,\"field_label\":\"Ihre E Mail Adresse\",\"field_key\":\"ihre_e_mail_adresse_1562852981016\",\"personally_identifiable\":1,\"disable_browser_autocomplete\":1,\"value\":\"\",\"id\":1010,\"beforeField\":\"\",\"afterField\":\"\",\"parentType\":\"email\",\"element_templates\":[\"email\",\"input\"],\"old_classname\":\"\",\"wrap_template\":\"wrap\"},{\"objectType\":\"Field\",\"objectDomain\":\"fields\",\"editActive\":false,\"order\":2,\"idAttribute\":\"id\",\"type\":\"file_upload\",\"label\":\"Versicherungsantrag (Format .pdf)\",\"key\":\"versicherungsantrag_format_pdf_1645733836634\",\"label_pos\":\"hidden\",\"required\":0,\"container_class\":\"\",\"element_class\":\"\",\"manual_key\":\"\",\"help_text\":\"\",\"save_to_server\":0,\"upload_rename\":\"\",\"media_library\":1,\"upload_multi_count\":1,\"max_file_size\":0,\"upload_types\":\".pdf,.doc,.docx\",\"select_files_text\":\"Versicherungsantrag laden (.pdf)\",\"drawerDisabled\":false,\"field_label\":\"Versicherungsantrag (Format .pdf)\",\"field_key\":\"versicherungsantrag_format_pdf_1562853067862\",\"min_file_size\":0,\"cancel_upload_text\":\"Abbrechen\",\"id\":1011,\"beforeField\":\"\",\"afterField\":\"\",\"value\":\"\",\"parentType\":\"textbox\",\"element_templates\":[\"file_upload\",\"input\"],\"old_classname\":\"\",\"wrap_template\":\"wrap\",\"max_chunk_size\":15099494,\"max_file_size_mb\":\"\",\"min_file_size_mb\":0,\"uploadNonce\":\"530ff40e42\",\"uploadNonceExpiry\":1777534325},{\"objectType\":\"Field\",\"objectDomain\":\"fields\",\"editActive\":false,\"order\":4,\"idAttribute\":\"id\",\"type\":\"file_upload\",\"label\":\"Gesundheitsfragebogen (Format .pdf)\",\"key\":\"gesundheitsfragebogen_format_pdf_1563229499479\",\"label_pos\":\"hidden\",\"required\":0,\"container_class\":\"\",\"element_class\":\"\",\"manual_key\":\"\",\"help_text\":\"\",\"save_to_server\":0,\"upload_rename\":\"\",\"media_library\":1,\"upload_multi_count\":3,\"max_file_size\":0,\"upload_types\":\".pdf,.doc,.docx\",\"select_files_text\":\"Gesundheitsfragebogen laden (.pdf)\",\"drawerDisabled\":false,\"field_label\":\"Versicherungsantrag (Format .pdf)\",\"field_key\":\"versicherungsantrag_format_pdf_1562853067862\",\"min_file_size\":0,\"cancel_upload_text\":\"Cancel\",\"id\":1017,\"beforeField\":\"\",\"afterField\":\"\",\"value\":\"\",\"parentType\":\"textbox\",\"element_templates\":[\"file_upload\",\"input\"],\"old_classname\":\"\",\"wrap_template\":\"wrap\",\"max_chunk_size\":15099494,\"max_file_size_mb\":\"\",\"min_file_size_mb\":0,\"uploadNonce\":\"93c040d2c1\",\"uploadNonceExpiry\":1777534325},{\"objectType\":\"Field\",\"objectDomain\":\"fields\",\"editActive\":false,\"order\":5,\"idAttribute\":\"id\",\"type\":\"submit\",\"label\":\"Unterlagen Einreichen\",\"processing_label\":\"Ihr Antrag wird versendet.\",\"container_class\":\"\",\"element_class\":\"\",\"key\":\"unterlagen_einreichen_1616842158596\",\"field_label\":\"Antrag Einreichen\",\"field_key\":\"antrag_einreichen_1562853084174\",\"drawerDisabled\":false,\"id\":1012,\"beforeField\":\"\",\"afterField\":\"\",\"value\":\"\",\"label_pos\":\"above\",\"parentType\":\"textbox\",\"element_templates\":[\"submit\",\"button\",\"input\"],\"old_classname\":\"\",\"wrap_template\":\"wrap-no-label\"}];nfForms.push(form);<\/script>\n        <script id=\"tmpl-nf-mp-form-content\" type=\"text\/template\">\n\t<div class=\"nf-mp-header\"><\/div>\n\t<div class=\"nf-mp-body\"><\/div>\n\t<div class=\"nf-mp-footer\"><\/div>\n<\/script>\n\n\n<script id=\"tmpl-nf-mp-header\" type=\"text\/template\">\n\t{{{ data.renderProgressBar() }}}\n\t{{{ data.renderBreadcrumbs() }}}\n\t{{{ data.renderPartTitle() }}}\n<\/script>\n<script id=\"tmpl-nf-mp-part-title\" type=\"text\/template\">\n\t<h3>\n\t\t{{{ data.title }}}\n\t<\/h3>\n<\/script>\n\n<script id=\"tmpl-nf-mp-footer\" type=\"text\/template\">\n\t{{{ data.renderNextPrevious() }}}\n<\/script>\n\n<script id=\"tmpl-nf-mp-next-previous\" type=\"text\/template\">\n\t<ul class=\"nf-next-previous\">\n\t\t<# if ( data.showPrevious ) { #>\n\t\t<li class=\"nf-previous-item\">\n\t\t\t<input type=\"button\" class=\"nf-previous\" value=\"{{{ data.prevLabel }}}\" \/>\n\t\t<\/li>\n\t\t<# } #>\n\n\t\t<# if ( data.showNext ) { #>\n\t\t<li class=\"nf-next-item\">\n\t\t\t<input type=\"button\" class=\"nf-next\" value=\"{{{ data.nextLabel }}}\" \/>\n\t\t<\/li>\n\t\t<# } #>\n\t<\/ul>\n<\/script>\n\n<script id=\"tmpl-nf-mp-breadcrumbs\" type=\"text\/template\">\n\t<ul class=\"nf-breadcrumbs\">\n\t\t<# _.each( data.parts, function( part, index ) { #>\n\t\t<li class=\"{{{ ( data.currentIndex == index ) ? 'active' : '' }}} {{{ ( part.errors ) ? 'errors' : '' }}}\">\n\t\t\t<a href=\"#\" class=\"nf-breadcrumb\" data-index=\"{{{ index }}}\">{{{ ( part.errors ) ? '' : '' }}} {{{ part.title }}}<\/a>\n\t\t<\/li>\n\t\t<# } ); #>\n\t<\/ul>\n<\/script>\n\n<script id=\"tmpl-nf-mp-progress-bar\" type=\"text\/template\">\n    <div class=\"nf-progress-container\">\n        <div class=\"nf-progress\" style=\"width: {{{ data.percent }}}%;\"><\/div>\n    <\/div>\n<\/script>","protected":false},"excerpt":{"rendered":"<p>Pr\u00e4mie berechnen Bitte f\u00fcllen Sie den den\u00a0Antrag Kranken- und Unfalltaggeldversicherung aus um Ihre Pr\u00e4mie zu berechnen. Um die korrekte Berechnung der Pr\u00e4mie auf dem Antrag sicherzustellen, muss das Formular ausserhalb des Internetbrowsers in einem PDF-f\u00e4higen Programm &#8211; optimalerweise in Adobe &#8211; ge\u00f6ffnet werden. Beachten Sie, dass f\u00fcr Betriebe bis und mit 4 versicherten Personen und\/oder<\/p>\n","protected":false},"author":6,"featured_media":0,"parent":0,"menu_order":8,"comment_status":"closed","ping_status":"closed","template":"","meta":{"_acf_changed":false,"_relevanssi_hide_post":"","_relevanssi_hide_content":"","_relevanssi_pin_for_all":"","_relevanssi_pin_keywords":"","_relevanssi_unpin_keywords":"","_relevanssi_related_keywords":"","_relevanssi_related_include_ids":"","_relevanssi_related_exclude_ids":"","_relevanssi_related_no_append":"","_relevanssi_related_not_related":"","_relevanssi_related_posts":"","_relevanssi_noindex_reason":"","_exactmetrics_skip_tracking":false,"_exactmetrics_sitenote_active":false,"_exactmetrics_sitenote_note":"","_exactmetrics_sitenote_category":0,"footnotes":""},"class_list":["post-1691","page","type-page","status-publish","hentry"],"acf":[],"_links":{"self":[{"href":"https:\/\/versicherungen-fairline.ch\/de\/wp-json\/wp\/v2\/pages\/1691","targetHints":{"allow":["GET"]}}],"collection":[{"href":"https:\/\/versicherungen-fairline.ch\/de\/wp-json\/wp\/v2\/pages"}],"about":[{"href":"https:\/\/versicherungen-fairline.ch\/de\/wp-json\/wp\/v2\/types\/page"}],"author":[{"embeddable":true,"href":"https:\/\/versicherungen-fairline.ch\/de\/wp-json\/wp\/v2\/users\/6"}],"replies":[{"embeddable":true,"href":"https:\/\/versicherungen-fairline.ch\/de\/wp-json\/wp\/v2\/comments?post=1691"}],"version-history":[{"count":3,"href":"https:\/\/versicherungen-fairline.ch\/de\/wp-json\/wp\/v2\/pages\/1691\/revisions"}],"predecessor-version":[{"id":4794,"href":"https:\/\/versicherungen-fairline.ch\/de\/wp-json\/wp\/v2\/pages\/1691\/revisions\/4794"}],"wp:attachment":[{"href":"https:\/\/versicherungen-fairline.ch\/de\/wp-json\/wp\/v2\/media?parent=1691"}],"curies":[{"name":"wp","href":"https:\/\/api.w.org\/{rel}","templated":true}]}}