{"id":1024,"date":"2018-09-27T16:47:04","date_gmt":"2018-09-27T14:47:04","guid":{"rendered":"http:\/\/fairsicherung.ch\/?page_id=1024"},"modified":"2023-07-26T00:33:46","modified_gmt":"2023-07-25T22:33:46","slug":"unternehmen-faq","status":"publish","type":"page","link":"https:\/\/versicherungen-fairline.ch\/de\/unternehmen-faq\/","title":{"rendered":"Unternehmen FAQ"},"content":{"rendered":"<h3>Die fairsicherungsberatung ag ist die f\u00fchrende, nach \u00f6konomischen, \u00f6kologischen und ethisch sozialen Grunds\u00e4tzen nachhaltig arbeitende unabh\u00e4ngige Versicherungs- und Vorsorgeberatung in der Schweiz.<\/h3>\r\n<p>\u00abNachhaltige Entwicklung ist eine Entwicklung, die die Bed\u00fcrfnisse der heutigen Generation befriedigt, ohne die M\u00f6glichkeit k\u00fcnftiger Generationen zu schm\u00e4lern.\u00bb<br \/>\r\n(Brundtland Kommission 1987)<\/p>\r\n<p>Wir sind fair, verantwortlich, unabh\u00e4ngig und sozial!<div id=\"accordion-1\" class=\"accordion\"><div class=\"scrollto-offset\"><\/div><div class=\"accordion-control\"><span class=\"accordion-trigger\"><\/span> Gr\u00fcndung fairsicherungsberatung ag <\/div><div class=\"accordion-content\"> Die fairsicherungsberatung wurde am 1. Mai 1990 als Einzelfirma gegr\u00fcndet und am 1. Januar 2001 in die heutige Aktiengesellschaft umgewandelt. Die Aktiengesellschaft betreut und ber\u00e4t die Kundschaft sowohl im Beratungsauftrag (z.B. Vorsorgeberatung) wie auch mit Maklervertrag. Zus\u00e4tzlich werden Rahmenvertragsprodukte unter dem Titel &#8218;fairline&#8216; angeboten.<\/p>\r\n<p>Die fairsicherungsberatung ag ist unter der Nummer 14643 im Vermittlerregister des Bundesamtes f\u00fcr Privatversicherungen eingetragen.<\/div><\/div><div id=\"accordion-2\" class=\"accordion\"><div class=\"scrollto-offset\"><\/div><div class=\"accordion-control\"><span class=\"accordion-trigger\"><\/span> Unsere Dienstleistungen <\/div><div class=\"accordion-content\">Als unabh\u00e4ngige Beraterin in Fragen zu Versicherung, Vorsorge und Finanzen l\u00f6sen wir Fragen rund um diese Themenkreise ausschliesslich im Sinne unserer Kundschaft. Sei dies in der Beratung und Analyse, \u00fcber die Vertragsverhandlungen mit Anbietern bis hin zur Portefeuilleverwaltung und der Vertretung im Schadenfall. Wir treten kompetent, zuverl\u00e4ssig und vertrauensvoll auf.<\/div><\/div><div id=\"accordion-3\" class=\"accordion\"><div class=\"scrollto-offset\"><\/div><div class=\"accordion-control\"><span class=\"accordion-trigger\"><\/span> Nachhaltigkeit <\/div><div class=\"accordion-content\">Nachhaltigkeit kommt vor Gewinnmaximierung!<\/p>\r\n<p>Umwelt- und sozialvertr\u00e4gliches Verhalten zahlt sich f\u00fcr Unternehmen und deren Kunden aus. Ein schonender Umgang mit Ressourcen ist kosten- und risikosenkend und begrenzt das Haftungspotential. Statistiken sprechen deutliche Worte: Mit nachhaltigen Anlagen lassen sich heute marktkonforme Renditen bei meist begrenztem Risiko erzielen. Ebenso wirkt sich eine soziale Verantwortung positiv aus, weil diese die Motivation und Eigenverantwortung steigert. Das f\u00fchrt zu mehr Leistung und einer positiven \u00f6ffentlichen Wahrnehmung der Organisation. fairsicherungsberatung hat sich nachhaltigen Grunds\u00e4tzen verpflichtet und ist darauf bedacht, dass der nachhaltige Anteil der Wirtschaft zunimmt, deshalb w\u00e4hlen wir die Anbieter im Grundsatz nach diesen Kriterien aus.<\/p>\r\n<p>Die fairsicherungsberatung hat sich der Nachhaltigkeit verpflichtet.<\/p>\r\n<\/div><\/div><div id=\"accordion-4\" class=\"accordion\"><div class=\"scrollto-offset\"><\/div><div class=\"accordion-control\"><span class=\"accordion-trigger\"><\/span> Unabh\u00e4ngigkeit<\/div><div class=\"accordion-content\">Wir sind an keine Versicherungsgesellschaften, Vorsorgeeinrichtungen und Banken gebunden und sind DER Ansprechpartner wenn es um nachhaltige Entwicklung in der Versicherungsbranche geht, sowohl f\u00fcr unsere Kunden als auch bei der Entwicklung innovativer, nachhaltiger Produkte zugunsten unserer Kunden.<\/div><\/div>\r\n<div id=\"accordion-5\" class=\"accordion\"><div class=\"scrollto-offset\"><\/div><div class=\"accordion-control\"><span class=\"accordion-trigger\"><\/span> Verantwortlich<\/div><div class=\"accordion-content\">Wir tragen f\u00fcr unsere Arbeit und die uns anvertrauten Aufgaben Verantwortung. Dabei handeln wir immer nach \u00f6konomischen, \u00f6kologischen, sozialen und ethischen Grunds\u00e4tzen. Unsere Dienstleistung ist sinngebend f\u00fcr unsere Kunden, f\u00fcr unsere Partner und f\u00fcr uns selber. Wir arbeiten l\u00f6sungsorientiert und bieten unseren Kunden massgeschneiderte und kostenoptimierte Produkte.<\/div><\/div>\r\n<div id=\"accordion-6\" class=\"accordion\"><div class=\"scrollto-offset\"><\/div><div class=\"accordion-control\"><span class=\"accordion-trigger\"><\/span> Sozial<\/div><div class=\"accordion-content\">Als Team pflegen wir bewusst unsere Zusammenarbeit und unsere Kommunikation und richten unser Tun gemeinsam auf unsere Kunden aus. Frau und Mann erhalten bei uns den gleichen Lohn f\u00fcr die gleiche Arbeit. Unser Lohngef\u00e4lle betr\u00e4gt maximal 1:3. Mit flexiblen Arbeitszeiten und -pensen leben wir eine gesunde Work-Life-Balance. Wir f\u00f6rdern und unterst\u00fctzen die berufliche und pers\u00f6nliche Weiterentwicklung aller Mitarbeitenden. So erm\u00f6glichen wir sowohl Kontinuit\u00e4t als auch Innovation.<\/div><\/div><div id=\"accordion-7\" class=\"accordion\"><div class=\"scrollto-offset\"><\/div><div class=\"accordion-control\"><span class=\"accordion-trigger\"><\/span> Wer kann Kunde werden?<\/div><div class=\"accordion-content\">Wir beraten KMU-Betriebe, soziale Institutionen, Nonprofit-Organisationen, Verb\u00e4nde und Vereine, Selbst\u00e4ndigerwerbende und Privatpersonen.<\/div><\/div>","protected":false},"excerpt":{"rendered":"<p>Die fairsicherungsberatung ag ist die f\u00fchrende, nach \u00f6konomischen, \u00f6kologischen und ethisch sozialen Grunds\u00e4tzen nachhaltig arbeitende unabh\u00e4ngige Versicherungs- und Vorsorgeberatung in der Schweiz. \u00abNachhaltige Entwicklung ist eine Entwicklung, die die Bed\u00fcrfnisse der heutigen Generation befriedigt, ohne die M\u00f6glichkeit k\u00fcnftiger Generationen zu schm\u00e4lern.\u00bb (Brundtland Kommission 1987) Wir sind fair, verantwortlich, unabh\u00e4ngig und sozial!<\/p>\n","protected":false},"author":7,"featured_media":0,"parent":0,"menu_order":23,"comment_status":"closed","ping_status":"closed","template":"","meta":{"_acf_changed":false,"_relevanssi_hide_post":"","_relevanssi_hide_content":"","_relevanssi_pin_for_all":"","_relevanssi_pin_keywords":"","_relevanssi_unpin_keywords":"","_relevanssi_related_keywords":"","_relevanssi_related_include_ids":"","_relevanssi_related_exclude_ids":"","_relevanssi_related_no_append":"","_relevanssi_related_not_related":"","_relevanssi_related_posts":"","_relevanssi_noindex_reason":"","_exactmetrics_skip_tracking":false,"_exactmetrics_sitenote_active":false,"_exactmetrics_sitenote_note":"","_exactmetrics_sitenote_category":0,"footnotes":""},"class_list":["post-1024","page","type-page","status-publish","hentry"],"acf":[],"_links":{"self":[{"href":"https:\/\/versicherungen-fairline.ch\/de\/wp-json\/wp\/v2\/pages\/1024","targetHints":{"allow":["GET"]}}],"collection":[{"href":"https:\/\/versicherungen-fairline.ch\/de\/wp-json\/wp\/v2\/pages"}],"about":[{"href":"https:\/\/versicherungen-fairline.ch\/de\/wp-json\/wp\/v2\/types\/page"}],"author":[{"embeddable":true,"href":"https:\/\/versicherungen-fairline.ch\/de\/wp-json\/wp\/v2\/users\/7"}],"replies":[{"embeddable":true,"href":"https:\/\/versicherungen-fairline.ch\/de\/wp-json\/wp\/v2\/comments?post=1024"}],"version-history":[{"count":3,"href":"https:\/\/versicherungen-fairline.ch\/de\/wp-json\/wp\/v2\/pages\/1024\/revisions"}],"predecessor-version":[{"id":4500,"href":"https:\/\/versicherungen-fairline.ch\/de\/wp-json\/wp\/v2\/pages\/1024\/revisions\/4500"}],"wp:attachment":[{"href":"https:\/\/versicherungen-fairline.ch\/de\/wp-json\/wp\/v2\/media?parent=1024"}],"curies":[{"name":"wp","href":"https:\/\/api.w.org\/{rel}","templated":true}]}}